{"id":109,"date":"2014-01-29T17:18:02","date_gmt":"2014-01-29T17:18:02","guid":{"rendered":"http:\/\/apmairsoft.pt\/site\/?page_id=109"},"modified":"2014-04-04T19:26:38","modified_gmt":"2014-04-04T19:26:38","slug":"estatutos","status":"publish","type":"page","link":"http:\/\/apmairsoft.pt\/site\/estatutos\/","title":{"rendered":"Estatutos"},"content":{"rendered":"<div><\/div>\n<h1 align=\"center\">Artigo 1\u00ba<\/h1>\n<p align=\"center\">Designa\u00e7\u00e3o e Objectivos<\/p>\n<p>&nbsp;<\/p>\n<p>1 &#8211; A Associa\u00e7\u00e3o \u201cAPMA &#8211; Associa\u00e7\u00e3o Portuguesa de Milsim e Airsoft, APD\u201d adiante designada abreviadamente por APMA, APD \u00e9 uma Associa\u00e7\u00e3o Promotora de Desporto e tem por objecto promover, organizar, representar \u00a0e incentivar a pr\u00e1tica dos fins a que se prop\u00f5e para o Airsoft ou Milsim.<\/p>\n<p>2 \u2013 Esta modalidade desportiva tem o recurso a Reprodu\u00e7\u00f5es de Armas de Fogo para Pr\u00e1ticas Recreativas e meios de promo\u00e7\u00e3o, organiza\u00e7\u00e3o, representa\u00e7\u00e3o e incentivo \u00e0 pr\u00e1tica da modalidade desportiva de Milsim ou Airsoft, ser\u00e1 estipulada e descrita no Regulamento Geral Interno.<\/p>\n<h1 align=\"center\">Artigo 2\u00ba<\/h1>\n<p align=\"center\">Car\u00e1cter e Dura\u00e7\u00e3o<\/p>\n<p>&nbsp;<\/p>\n<p>A APMA, APD tem car\u00e1cter nacional, \u00e9 constitu\u00edda sem fins lucrativos, sem qualquer orienta\u00e7\u00e3o pol\u00edtica ou religiosa e a sua dura\u00e7\u00e3o \u00e9 por tempo indeterminado.<\/p>\n<p>&nbsp;<\/p>\n<h1 align=\"center\">Artigo 3\u00ba<\/h1>\n<p align=\"center\">Sede e Representa\u00e7\u00f5es<\/p>\n<p>&nbsp;<\/p>\n<p>1 &#8211; A APMA, APD tem a sua sede provis\u00f3ria na Rua Jos\u00e9 Carlos Ary dos Santos, lote sessenta e tr\u00eas, primeiro andar frente, freguesia de Vila Franca de Xira, concelho de Vila Franca de Xira.<\/p>\n<p>2 &#8211; A APMA, APD poder\u00e1 nomear delega\u00e7\u00f5es ou representantes de acordo com o estipulado no Regulamento Geral Interno.<\/p>\n<p>&nbsp;<\/p>\n<h1 align=\"center\">Artigo 4\u00ba<\/h1>\n<p align=\"center\">Rela\u00e7\u00f5es com outras organiza\u00e7\u00f5es<\/p>\n<p>&nbsp;<\/p>\n<p>A APMA, APD poder\u00e1 estabelecer rela\u00e7\u00f5es com quaisquer organiza\u00e7\u00f5es nacionais e internacionais com elas acordando formas de coopera\u00e7\u00e3o consent\u00e2neas com o seu objectivo social.<\/p>\n<p>&nbsp;<\/p>\n<h1 align=\"center\">Artigo 5\u00ba<\/h1>\n<p align=\"center\">Receitas<\/p>\n<p>&nbsp;<\/p>\n<p>Constituem receitas da APMA, APD:<\/p>\n<p>a)\u00a0\u00a0\u00a0\u00a0\u00a0 As j\u00f3ias e as quotas, cujo valor ser\u00e1 aprovado em Assembleia Geral;<\/p>\n<p>b)\u00a0\u00a0\u00a0\u00a0\u00a0 Os subs\u00eddios e as contribui\u00e7\u00f5es que lhe forem atribu\u00eddos;<\/p>\n<p>c)\u00a0\u00a0\u00a0\u00a0\u00a0\u00a0 Quaisquer outros donativos, heran\u00e7as ou legados.<\/p>\n<p>&nbsp;<\/p>\n<h1 align=\"center\">Artigo 6\u00ba<\/h1>\n<p align=\"center\">Despesas<\/p>\n<p>&nbsp;<\/p>\n<p>S\u00e3o despesas da APMA, APD as que resultam do exerc\u00edcio das suas actividades em cumprimento dos Estatutos , do Regulamento Geral Interno e das disposi\u00e7\u00f5es que sejam impostas por lei.<\/p>\n<p>&nbsp;<\/p>\n<h1 align=\"center\">Artigo 7\u00ba<\/h1>\n<p align=\"center\">Associados<\/p>\n<p>&nbsp;<\/p>\n<p>1-\u00a0\u00a0\u00a0\u00a0\u00a0 Podem ser s\u00f3cios da APMA, APD todos os indiv\u00edduos interessados em participar nos fins propostos no art. 1\u00ba, estejam de acordo com o estipulado no Regulamento Geral Interno \u00a0e que a lei o permita.<\/p>\n<p>2-\u00a0\u00a0\u00a0\u00a0\u00a0 Os s\u00f3cios entram em pleno gozo dos seus direitos ap\u00f3s aprova\u00e7\u00e3o da sua admiss\u00e3o em reuni\u00e3o de Direc\u00e7\u00e3o, mediante o pagamento de uma j\u00f3ia e de primeira quota.<\/p>\n<p>3-\u00a0\u00a0\u00a0\u00a0\u00a0 O Regulamento Geral Interno especificar\u00e1 os direitos e as obriga\u00e7\u00f5es dos associados.<\/p>\n<p>4-\u00a0\u00a0\u00a0\u00a0\u00a0 Os s\u00f3cios podem ter a seguinte categoria: fundadores, efectivos, benem\u00e9ritos e honor\u00e1rios.<\/p>\n<p>4.1- S\u00f3cios fundadores s\u00e3o os aderentes \u00e0 data de aprova\u00e7\u00e3o dos presentes Estatutos.<\/p>\n<p>4.2- S\u00f3cios efectivos s\u00e3o os que aderirem \u00e0 APMA, APD em data posterior \u00e0 funda\u00e7\u00e3o.<\/p>\n<p>4.3- S\u00f3cios benem\u00e9ritos s\u00e3o todas as pessoas singulares ou colectivas que se destacarem por apoios \u00e0 APMA, APD.<\/p>\n<p>4.4- S\u00f3cios honor\u00e1rios s\u00e3o as personalidades e entidades de renome nacional ou internacional cuja ac\u00e7\u00e3o not\u00e1vel est\u00e1 de acordo com os objectivos da APMA, APD.<\/p>\n<p>5-\u00a0\u00a0\u00a0\u00a0\u00a0 Os s\u00f3cios efectivos podem ser singulares ou colectivos de acordo com o estipulado no Regulamento Geral Interno.<\/p>\n<p>6-\u00a0\u00a0\u00a0\u00a0\u00a0 A designa\u00e7\u00e3o dos s\u00f3cios benem\u00e9ritos\u00a0 e honor\u00e1rios \u00e9 da compet\u00eancia da Assembleia Geral.<\/p>\n<p>7-\u00a0\u00a0\u00a0\u00a0\u00a0 Os s\u00f3cios honor\u00e1rios est\u00e3o isentos de quotas, desde que anteriormente a esta designa\u00e7\u00e3o n\u00e3o tenham sido s\u00f3cios efectivos da APMA, APD.<\/p>\n<p>&nbsp;<\/p>\n<h1 align=\"center\">Artigo 8\u00ba<\/h1>\n<p align=\"center\">\u00d3rg\u00e3os<\/p>\n<p>&nbsp;<\/p>\n<p>1-\u00a0\u00a0\u00a0\u00a0\u00a0 S\u00e3o \u00f3rg\u00e3os da APMA, APD:<\/p>\n<p>a)\u00a0\u00a0\u00a0\u00a0\u00a0 A Assembleia Geral;<\/p>\n<p>b)\u00a0\u00a0\u00a0\u00a0\u00a0 A Direc\u00e7\u00e3o;<\/p>\n<p>c)\u00a0\u00a0\u00a0\u00a0\u00a0\u00a0 O Conselho Fiscal.<\/p>\n<p>&nbsp;<\/p>\n<p>2-\u00a0\u00a0\u00a0\u00a0\u00a0 O mandado dos \u00f3rg\u00e3os eleitos da APMA, APD \u00e9 de 4 anos.<\/p>\n<p>&nbsp;<\/p>\n<h1 align=\"center\">Artigo 9\u00ba<\/h1>\n<p align=\"center\">Assembleia Geral<\/p>\n<p>&nbsp;<\/p>\n<p>A Assembleia Geral \u00e9 a reuni\u00e3o de todos os s\u00f3cios, no pleno gozo dos seus direitos, expressamente convocada nos termos da lei e dos Regulamento Geral Interno da APMA, APD.<\/p>\n<p>&nbsp;<\/p>\n<h1 align=\"center\">Artigo 10\u00ba<\/h1>\n<p align=\"center\">Mesa da Assembleia geral<\/p>\n<p>&nbsp;<\/p>\n<p>A Mesa da Assembleia geral \u00e9 composta por tr\u00eas membros, sendo um Presidente, um Vice-Presidente e um Secret\u00e1rio, competindo-lhes dirigir os trabalhos da Assembleia Geral nos termos da lei e do Regulamento Geral Interno.<\/p>\n<p>&nbsp;<\/p>\n<h1 align=\"center\">Artigo 11\u00ba<\/h1>\n<p align=\"center\">Direc\u00e7\u00e3o<\/p>\n<p>&nbsp;<\/p>\n<p>1-\u00a0\u00a0\u00a0\u00a0\u00a0 A Direc\u00e7\u00e3o \u00e9 constitu\u00edda por cinco membros, sendo um Presidente, um Vice-Presidente, um Tesoureiro e dois Secret\u00e1rios.<\/p>\n<p>2-\u00a0\u00a0\u00a0\u00a0\u00a0 A Direc\u00e7\u00e3o \u00e9 o \u00f3rg\u00e3o de gest\u00e3o permanente da APMA, APD e da orienta\u00e7\u00e3o da sua actividade.<\/p>\n<p>3-\u00a0\u00a0\u00a0\u00a0\u00a0 S\u00e3o fun\u00e7\u00f5es da Direc\u00e7\u00e3o:<\/p>\n<p>a)\u00a0\u00a0\u00a0\u00a0\u00a0 Executar as delibera\u00e7\u00f5es da Assembleia Geral;<\/p>\n<p>b)\u00a0\u00a0\u00a0\u00a0\u00a0 Organizar e superintender a actividade da APMA, APD;<\/p>\n<p>c)\u00a0\u00a0\u00a0\u00a0\u00a0\u00a0 Exercer as demais fun\u00e7\u00f5es previstas na lei, nos presentes Estatutos e no Regulamento Geral Interno da APMA, APD;<\/p>\n<p>d)\u00a0\u00a0\u00a0\u00a0\u00a0 Elaborar os planos de actividades, relat\u00f3rios e contas, a submeter a aprova\u00e7\u00e3o da Assembleia Geral.<\/p>\n<p>&nbsp;<\/p>\n<h1 align=\"center\">Artigo 12\u00ba<\/h1>\n<p align=\"center\">Conselho Fiscal<\/p>\n<p>&nbsp;<\/p>\n<p>1-\u00a0\u00a0\u00a0\u00a0\u00a0 O Conselho Fiscal \u00e9 composto por tr\u00eas elementos, sendo um Presidente, um Secret\u00e1rio e um Relator.<\/p>\n<p>2-\u00a0\u00a0\u00a0\u00a0\u00a0 Ao Conselho Fiscal compete:<\/p>\n<p>a)\u00a0\u00a0\u00a0\u00a0\u00a0 Dar o parecer sobre o relat\u00f3rio e contas anuais da Direc\u00e7\u00e3o;<\/p>\n<p>b)\u00a0\u00a0\u00a0\u00a0\u00a0 Fiscalizar a administra\u00e7\u00e3o realizada pela Direc\u00e7\u00e3o da APMA, APD;<\/p>\n<p>c)\u00a0\u00a0\u00a0\u00a0\u00a0\u00a0 Assegurar todas as demais compet\u00eancias que lhe sejam atribu\u00eddas pela lei geral ou que decorram da aplica\u00e7\u00e3o dos Estatutos ou dos Regulamentos.<\/p>\n<p>&nbsp;<\/p>\n<h1 align=\"center\">Artigo 13\u00ba<\/h1>\n<p align=\"center\">Quem obriga a Associa\u00e7\u00e3o<\/p>\n<p>&nbsp;<\/p>\n<p>1-\u00a0\u00a0\u00a0\u00a0\u00a0 A APMA, APD vincula-se com as assinaturas conjuntas do Presidente, do Vice-Presidente e do Tesoureiro.<\/p>\n<p>2-\u00a0\u00a0\u00a0\u00a0\u00a0 Nos casos de mero expediente bastar\u00e1 a assinatura de qualquer membro da Direc\u00e7\u00e3o.<\/p>\n<p>&nbsp;<\/p>\n<h1 align=\"center\">Artigo 14\u00ba<\/h1>\n<p align=\"center\">Dissolu\u00e7\u00e3o<\/p>\n<p>&nbsp;<\/p>\n<p>A APMA, APD poder\u00e1 dissolver-se por delibera\u00e7\u00e3o da Assembleia Geral convocada para o efeito nos termos da lei, e do Regulamento Geral Interno, mediante voto favor\u00e1vel de pelo menos\u00a0 tr\u00eas quartos dos s\u00f3cios.<\/p>\n<p>&nbsp;<\/p>\n<h1 align=\"center\">Artigo 15\u00ba<\/h1>\n<p align=\"center\">Omiss\u00f5es<\/p>\n<p>&nbsp;<\/p>\n<p>No que estes Estatutos forem omissos, vigoram as disposi\u00e7\u00f5es do C\u00f3digo Civil (artigos 157\u00ba e seguintes) e demais legisla\u00e7\u00e3o sobre Associa\u00e7\u00f5es, complementadas pelo Regulamento Geral Interno, cuja aprova\u00e7\u00e3o e altera\u00e7\u00e3o s\u00e3o da compet\u00eancia da Assembleia Geral.<\/p>\n<p>&nbsp;<\/p>\n","protected":false},"excerpt":{"rendered":"<p>Artigo 1\u00ba Designa\u00e7\u00e3o e Objectivos &nbsp; 1 &#8211; A Associa\u00e7\u00e3o \u201cAPMA &#8211; Associa\u00e7\u00e3o Portuguesa de Milsim e Airsoft, APD\u201d adiante designada abreviadamente por APMA, APD \u00e9 uma Associa\u00e7\u00e3o Promotora de Desporto e tem por objecto promover, organizar, representar \u00a0e incentivar a pr\u00e1tica dos fins a que se prop\u00f5e para o Airsoft ou Milsim. 2 \u2013 [&hellip;]<\/p>\n","protected":false},"author":1,"featured_media":0,"parent":0,"menu_order":0,"comment_status":"open","ping_status":"open","template":"","meta":{"footnotes":""},"class_list":["post-109","page","type-page","status-publish","czr-hentry"],"yoast_head":"<!-- This site is optimized with the Yoast SEO plugin v27.2 - https:\/\/yoast.com\/product\/yoast-seo-wordpress\/ -->\n<title>Estatutos - Associa\u00e7\u00e3o Portuguesa de Milsim e Airsoft, APD<\/title>\n<meta name=\"description\" content=\"Estatutos - Associa\u00e7\u00e3o Portuguesa de Milsim e Airsoft, APD\" \/>\n<meta name=\"robots\" content=\"index, follow, max-snippet:-1, max-image-preview:large, max-video-preview:-1\" \/>\n<link rel=\"canonical\" href=\"http:\/\/apmairsoft.pt\/site\/estatutos\/\" \/>\n<meta property=\"og:locale\" content=\"pt_PT\" \/>\n<meta property=\"og:type\" content=\"article\" \/>\n<meta property=\"og:title\" content=\"Estatutos - Associa\u00e7\u00e3o Portuguesa de Milsim e Airsoft, APD\" \/>\n<meta property=\"og:description\" content=\"Estatutos - Associa\u00e7\u00e3o Portuguesa de Milsim e Airsoft, APD\" \/>\n<meta property=\"og:url\" content=\"http:\/\/apmairsoft.pt\/site\/estatutos\/\" \/>\n<meta property=\"og:site_name\" content=\"Associa\u00e7\u00e3o Portuguesa de Milsim e Airsoft, APD\" \/>\n<meta property=\"article:publisher\" content=\"https:\/\/www.facebook.com\/APMA.APD\" \/>\n<meta property=\"article:modified_time\" content=\"2014-04-04T19:26:38+00:00\" \/>\n<meta name=\"twitter:label1\" content=\"Tempo estimado de leitura\" \/>\n\t<meta name=\"twitter:data1\" content=\"5 minutos\" \/>\n<script type=\"application\/ld+json\" class=\"yoast-schema-graph\">{\"@context\":\"https:\/\/schema.org\",\"@graph\":[{\"@type\":\"WebPage\",\"@id\":\"http:\/\/apmairsoft.pt\/site\/estatutos\/\",\"url\":\"http:\/\/apmairsoft.pt\/site\/estatutos\/\",\"name\":\"Estatutos - Associa\u00e7\u00e3o Portuguesa de Milsim e Airsoft, APD\",\"isPartOf\":{\"@id\":\"https:\/\/apmairsoft.pt\/site\/#website\"},\"datePublished\":\"2014-01-29T17:18:02+00:00\",\"dateModified\":\"2014-04-04T19:26:38+00:00\",\"description\":\"Estatutos - Associa\u00e7\u00e3o Portuguesa de Milsim e Airsoft, APD\",\"inLanguage\":\"pt-PT\",\"potentialAction\":[{\"@type\":\"ReadAction\",\"target\":[\"http:\/\/apmairsoft.pt\/site\/estatutos\/\"]}]},{\"@type\":\"WebSite\",\"@id\":\"https:\/\/apmairsoft.pt\/site\/#website\",\"url\":\"https:\/\/apmairsoft.pt\/site\/\",\"name\":\"Associa\u00e7\u00e3o Portuguesa de Milsim e Airsoft, APD\",\"description\":\"APMA \u00e9 uma Associa\u00e7\u00e3o Promotora de Desporto, est\u00e1 Registada no Instituto Portugu\u00eas do Desporto e da Juventude e na Direc\u00e7\u00e3o Nacional da Policia de Seguran\u00e7a P\u00fablica. \u00c9 portanto uma Entidade legal Para-federativa de caracter Nacional\",\"publisher\":{\"@id\":\"https:\/\/apmairsoft.pt\/site\/#organization\"},\"potentialAction\":[{\"@type\":\"SearchAction\",\"target\":{\"@type\":\"EntryPoint\",\"urlTemplate\":\"https:\/\/apmairsoft.pt\/site\/?s={search_term_string}\"},\"query-input\":{\"@type\":\"PropertyValueSpecification\",\"valueRequired\":true,\"valueName\":\"search_term_string\"}}],\"inLanguage\":\"pt-PT\"},{\"@type\":\"Organization\",\"@id\":\"https:\/\/apmairsoft.pt\/site\/#organization\",\"name\":\"APMA - Associa\u00e7\u00e3o Portuguesa de Milsim e Airsoft, APD\",\"url\":\"https:\/\/apmairsoft.pt\/site\/\",\"logo\":{\"@type\":\"ImageObject\",\"inLanguage\":\"pt-PT\",\"@id\":\"https:\/\/apmairsoft.pt\/site\/#\/schema\/logo\/image\/\",\"url\":\"http:\/\/apmairsoft.pt\/site\/wp-content\/uploads\/2019\/11\/APMA_preto-280x135.jpg\",\"contentUrl\":\"http:\/\/apmairsoft.pt\/site\/wp-content\/uploads\/2019\/11\/APMA_preto-280x135.jpg\",\"width\":280,\"height\":135,\"caption\":\"APMA - Associa\u00e7\u00e3o Portuguesa de Milsim e Airsoft, APD\"},\"image\":{\"@id\":\"https:\/\/apmairsoft.pt\/site\/#\/schema\/logo\/image\/\"},\"sameAs\":[\"https:\/\/www.facebook.com\/APMA.APD\",\"https:\/\/x.com\/APMA_APD\"]}]}<\/script>\n<!-- \/ Yoast SEO plugin. -->","yoast_head_json":{"title":"Estatutos - Associa\u00e7\u00e3o Portuguesa de Milsim e Airsoft, APD","description":"Estatutos - Associa\u00e7\u00e3o Portuguesa de Milsim e Airsoft, APD","robots":{"index":"index","follow":"follow","max-snippet":"max-snippet:-1","max-image-preview":"max-image-preview:large","max-video-preview":"max-video-preview:-1"},"canonical":"http:\/\/apmairsoft.pt\/site\/estatutos\/","og_locale":"pt_PT","og_type":"article","og_title":"Estatutos - Associa\u00e7\u00e3o Portuguesa de Milsim e Airsoft, APD","og_description":"Estatutos - Associa\u00e7\u00e3o Portuguesa de Milsim e Airsoft, APD","og_url":"http:\/\/apmairsoft.pt\/site\/estatutos\/","og_site_name":"Associa\u00e7\u00e3o Portuguesa de Milsim e Airsoft, APD","article_publisher":"https:\/\/www.facebook.com\/APMA.APD","article_modified_time":"2014-04-04T19:26:38+00:00","twitter_misc":{"Tempo estimado de leitura":"5 minutos"},"schema":{"@context":"https:\/\/schema.org","@graph":[{"@type":"WebPage","@id":"http:\/\/apmairsoft.pt\/site\/estatutos\/","url":"http:\/\/apmairsoft.pt\/site\/estatutos\/","name":"Estatutos - Associa\u00e7\u00e3o Portuguesa de Milsim e Airsoft, APD","isPartOf":{"@id":"https:\/\/apmairsoft.pt\/site\/#website"},"datePublished":"2014-01-29T17:18:02+00:00","dateModified":"2014-04-04T19:26:38+00:00","description":"Estatutos - Associa\u00e7\u00e3o Portuguesa de Milsim e Airsoft, APD","inLanguage":"pt-PT","potentialAction":[{"@type":"ReadAction","target":["http:\/\/apmairsoft.pt\/site\/estatutos\/"]}]},{"@type":"WebSite","@id":"https:\/\/apmairsoft.pt\/site\/#website","url":"https:\/\/apmairsoft.pt\/site\/","name":"Associa\u00e7\u00e3o Portuguesa de Milsim e Airsoft, APD","description":"APMA \u00e9 uma Associa\u00e7\u00e3o Promotora de Desporto, est\u00e1 Registada no Instituto Portugu\u00eas do Desporto e da Juventude e na Direc\u00e7\u00e3o Nacional da Policia de Seguran\u00e7a P\u00fablica. \u00c9 portanto uma Entidade legal Para-federativa de caracter Nacional","publisher":{"@id":"https:\/\/apmairsoft.pt\/site\/#organization"},"potentialAction":[{"@type":"SearchAction","target":{"@type":"EntryPoint","urlTemplate":"https:\/\/apmairsoft.pt\/site\/?s={search_term_string}"},"query-input":{"@type":"PropertyValueSpecification","valueRequired":true,"valueName":"search_term_string"}}],"inLanguage":"pt-PT"},{"@type":"Organization","@id":"https:\/\/apmairsoft.pt\/site\/#organization","name":"APMA - Associa\u00e7\u00e3o Portuguesa de Milsim e Airsoft, APD","url":"https:\/\/apmairsoft.pt\/site\/","logo":{"@type":"ImageObject","inLanguage":"pt-PT","@id":"https:\/\/apmairsoft.pt\/site\/#\/schema\/logo\/image\/","url":"http:\/\/apmairsoft.pt\/site\/wp-content\/uploads\/2019\/11\/APMA_preto-280x135.jpg","contentUrl":"http:\/\/apmairsoft.pt\/site\/wp-content\/uploads\/2019\/11\/APMA_preto-280x135.jpg","width":280,"height":135,"caption":"APMA - Associa\u00e7\u00e3o Portuguesa de Milsim e Airsoft, APD"},"image":{"@id":"https:\/\/apmairsoft.pt\/site\/#\/schema\/logo\/image\/"},"sameAs":["https:\/\/www.facebook.com\/APMA.APD","https:\/\/x.com\/APMA_APD"]}]}},"_links":{"self":[{"href":"http:\/\/apmairsoft.pt\/site\/wp-json\/wp\/v2\/pages\/109","targetHints":{"allow":["GET"]}}],"collection":[{"href":"http:\/\/apmairsoft.pt\/site\/wp-json\/wp\/v2\/pages"}],"about":[{"href":"http:\/\/apmairsoft.pt\/site\/wp-json\/wp\/v2\/types\/page"}],"author":[{"embeddable":true,"href":"http:\/\/apmairsoft.pt\/site\/wp-json\/wp\/v2\/users\/1"}],"replies":[{"embeddable":true,"href":"http:\/\/apmairsoft.pt\/site\/wp-json\/wp\/v2\/comments?post=109"}],"version-history":[{"count":3,"href":"http:\/\/apmairsoft.pt\/site\/wp-json\/wp\/v2\/pages\/109\/revisions"}],"predecessor-version":[{"id":353,"href":"http:\/\/apmairsoft.pt\/site\/wp-json\/wp\/v2\/pages\/109\/revisions\/353"}],"wp:attachment":[{"href":"http:\/\/apmairsoft.pt\/site\/wp-json\/wp\/v2\/media?parent=109"}],"curies":[{"name":"wp","href":"https:\/\/api.w.org\/{rel}","templated":true}]}}