{"id":112,"date":"2014-01-29T17:22:52","date_gmt":"2014-01-29T17:22:52","guid":{"rendered":"http:\/\/apmairsoft.pt\/site\/?page_id=112"},"modified":"2014-01-29T17:23:35","modified_gmt":"2014-01-29T17:23:35","slug":"r-s-i-regras-de-seguranca-individual","status":"publish","type":"page","link":"http:\/\/apmairsoft.pt\/site\/r-s-i-regras-de-seguranca-individual\/","title":{"rendered":"R.S.I. \u2013 Regras de Seguran\u00e7a Individual"},"content":{"rendered":"<p style=\"text-align: center;\"><b>Introdu\u00e7\u00e3o<\/b><\/p>\n<p>&nbsp;<\/p>\n<p><b>As Regras de seguran\u00e7a neste documento descritas, s\u00e3o regras de seguran\u00e7a a adoptar por todos os associados da APMA, APD e por todos os praticantes de Airsoft e Milsim em geral.<\/b><\/p>\n<p><b>\u00a0 A pr\u00e1tica das modalidades de acordo com estas regras, reduzir\u00e1 consideravelmente o risco de les\u00e3o pelo praticante, aumentando o n\u00edvel de seguran\u00e7a no decorrer do evento para todos os praticantes ou atletas.<\/b><\/p>\n<p><b>\u00a0 Al\u00e9m destas regras, \u00e9 obrigat\u00f3rio cumprir todos os dispostos na nossa legisla\u00e7\u00e3o nacional, nomeadamente documento em anexo, \u201cLei das Armas\u201d, com as partes essenciais \u00e1 modalidade.<\/b><\/p>\n<p>&nbsp;<\/p>\n<p>&nbsp;<\/p>\n<p align=\"center\"><b>I \u2013 Aquisi\u00e7\u00e3o da Reprodu\u00e7\u00e3o<\/b><\/p>\n<p align=\"center\"><b>\u00a0<\/b><\/p>\n<p><b>1\u00ba &#8211; Ao adquirir uma reprodu\u00e7\u00e3o, deve-se certificar antes de abandonar a loja que a mesma cumpre todos os requisitos legais, nomeadamente pinturas e pot\u00eancia, e exigir sempre factura de compra.<\/b><\/p>\n<p><b>\u00a0<\/b><\/p>\n<p><b>2\u00ba &#8211; Antes de importar informe-se se pode, e em que condi\u00e7\u00f5es o deve efectuar.<\/b><\/p>\n<p><b>\u00a0<\/b><\/p>\n<p><b>3\u00ba &#8211; Se comprar a um particular deve sempre exigir a factura da primeira compra, bem como declara\u00e7\u00e3o preenchida a comprovar a transac\u00e7\u00e3o.<\/b><\/p>\n<p align=\"center\"><b>\u00a0<\/b><\/p>\n<p align=\"center\"><b>II \u2013 Responsabilidade do Detentor<\/b><\/p>\n<p align=\"center\"><b>\u00a0<\/b><\/p>\n<p><b>1\u00ba &#8211; Todos os detentores de reprodu\u00e7\u00f5es ficam obrigados a cumprir a legisla\u00e7\u00e3o, bem como todas as normas e indica\u00e7\u00f5es das autoridades competentes, relativas \u00e0 deten\u00e7\u00e3o, guarda, transporte, uso e porte das mesmas.<\/b><\/p>\n<p><b>\u00a0<\/b><\/p>\n<p><b>2\u00ba &#8211; Os portadores de reprodu\u00e7\u00f5es s\u00e3o permanentemente respons\u00e1veis pela seguran\u00e7a das mesmas, no domic\u00edlio ou fora dele, e devem tomar todas as precau\u00e7\u00f5es necess\u00e1rias para prevenir o seu extravio, furto ou roubo, bem como a ocorr\u00eancia de acidentes. Devem comunicar de imediato as autoridades competentes.<\/b><\/p>\n<p><b>\u00a0<\/b><\/p>\n<p><b>3\u00ba &#8211; N\u00e3o emprestar ou ceder as reprodu\u00e7\u00f5es, a qualquer t\u00edtulo, fora das circunst\u00e2ncias presentes na lei.<\/b><\/p>\n<p><b>\u00a0<\/b><\/p>\n<p><b>4\u00ba &#8211; Nunca utilizar as reprodu\u00e7\u00f5es na pr\u00e1tica da actividade estando sob a influ\u00eancia de \u00e1lcool ou de outras subst\u00e2ncias estupefacientes ou psicotr\u00f3picas.<\/b><\/p>\n<p><b>\u00a0<\/b><\/p>\n<p><b>5\u00ba &#8211; Nunca praticar actividades com uso da reprodu\u00e7\u00e3o em recintos ou propriedades sem que tenham as devidas autoriza\u00e7\u00f5es legais para o fazer, e sem que estejam cumpridas todos os procedimentos de seguran\u00e7a para o efeito.<\/b><\/p>\n<p align=\"center\"><b>\u00a0<\/b><\/p>\n<p align=\"center\"><b>III \u2013 Guardar em Seguran\u00e7a<\/b><\/p>\n<p align=\"center\"><b>\u00a0<\/b><\/p>\n<p><b>1\u00ba &#8211; Guarde sempre a reprodu\u00e7\u00e3o preferencialmente em cacifo pr\u00f3prio, ou caixa r\u00edgida, bem fechada com cadeado, guardado em local n\u00e3o vis\u00edvel e garantindo o acesso a ela s\u00f3 por si.<\/b><\/p>\n<p><b>\u00a0<\/b><\/p>\n<p><b>2\u00ba &#8211; Nunca guarde em local acess\u00edvel a crian\u00e7as, n\u00e3o as exiba de alguma forma e nem sequer mostre que as possui.<\/b><\/p>\n<p><b>\u00a0<\/b><\/p>\n<p><b>3\u00ba &#8211; Devem sempre ser guardadas sem a sua fonte de energia bem como sem carregador introduzido. Os mesmos devem ser guardados separadamente.<\/b><\/p>\n<p align=\"center\"><b>\u00a0<\/b><\/p>\n<p align=\"center\"><b>IV \u2013 Transporte do equipamento<\/b><\/p>\n<p align=\"center\"><b>\u00a0<\/b><\/p>\n<p><b>1\u00ba &#8211; Todo o equipamento de ser transportado bem acomodado, dentro de malas, mochilas ou similares, fora do campo de vis\u00e3o de quem quer que seja.<\/b><\/p>\n<p><b>\u00a0<\/b><\/p>\n<p><b>2\u00ba &#8211; As reprodu\u00e7\u00f5es devem ser transportadas em malas adequadas, sem a fonte de energia e carregador, de forma que impossibilite o seu funcionamento. Tamb\u00e9m de acordo com os dispostos na legisla\u00e7\u00e3o e acompanhados pelos documentos que comprovem a sua propriedade.<\/b><\/p>\n<p><b>\u00a0<\/b><\/p>\n<p><b>3\u00ba &#8211; Durante o transporte as reprodu\u00e7\u00f5es nunca dever\u00e3o ser manuseadas, e em caso de fiscaliza\u00e7\u00e3o, somente pelos agente de seguran\u00e7a respons\u00e1veis por tal.\u00a0 <\/b><\/p>\n<p align=\"center\"><b>\u00a0<\/b><\/p>\n<p align=\"center\"><b>V \u2013 Desloca\u00e7\u00f5es<\/b><\/p>\n<p align=\"center\"><b>\u00a0<\/b><\/p>\n<p><b>1\u00ba &#8211; As desloca\u00e7\u00f5es com reprodu\u00e7\u00f5es s\u00f3 s\u00e3o permitidas para os locais onde se ir\u00e3o exercer as actividades para as quais foram adquiridas e autorizadas.<\/b><\/p>\n<p><b>\u00a0<\/b><\/p>\n<p><b>2\u00ba &#8211; As desloca\u00e7\u00f5es devem ser feitas preferencialmente em ve\u00edculo pr\u00f3prio, escolhendo sempre o trajecto mais r\u00e1pido e sem interrup\u00e7\u00f5es.<\/b><\/p>\n<p><b>\u00a0<\/b><\/p>\n<p><b>3\u00ba &#8211; Pe\u00e7a sempre uma prova de inscri\u00e7\u00e3o ou participa\u00e7\u00e3o pr\u00e9via para as provas ou eventos que ir\u00e1 participar e fa\u00e7a-se acompanhar da mesma.<\/b><\/p>\n<p align=\"center\"><b>\u00a0<\/b><\/p>\n<p align=\"center\"><b>VI \u2013 Fiscaliza\u00e7\u00f5es Rodovi\u00e1rias<\/b><\/p>\n<p align=\"center\"><b>\u00a0<\/b><\/p>\n<p><b>1\u00ba &#8211; Numa ac\u00e7\u00e3o de fiscaliza\u00e7\u00e3o, haja normalmente e informe o agente fiscalizador do que transporta, mesmo que n\u00e3o seja questionado, e colabore sempre com ele.<\/b><\/p>\n<p><b>\u00a0<\/b><\/p>\n<p><b>2\u00ba &#8211; Mostre todos os documentos necess\u00e1rios e esclare\u00e7a quaisquer d\u00favida que possa ser colocada pelos senhores agentes.<\/b><\/p>\n<p><b>\u00a0<\/b><\/p>\n<p><b>3\u00ba &#8211; Nunca manuseie a reprodu\u00e7\u00e3o, nem sequer a retire do saco de transporte. Deixe que sejam os agentes a efectuar estes procedimentos e lhos solicitarem, fa\u00e7a cada passo perguntando sempre como e quando.<\/b><\/p>\n<p><b>\u00a0<\/b><\/p>\n<p align=\"center\"><b>VII \u2013 Prepara\u00e7\u00e3o para a Pr\u00e1tica<\/b><\/p>\n<p align=\"center\"><b>\u00a0<\/b><\/p>\n<p><b>1\u00ba &#8211; Na prepara\u00e7\u00e3o para a pr\u00e1tica da actividade n\u00e3o deve retirar a reprodu\u00e7\u00e3o da bolsa de transporte, e jamais a testar.<\/b><\/p>\n<p><b>\u00a0<\/b><\/p>\n<p><b>2\u00ba &#8211; A reprodu\u00e7\u00e3o deve ser transportada para em seguran\u00e7a dentro da bolsa de transporte at\u00e9 \u00e0 \u00e1rea destina a fazer os testes de disparo em seguran\u00e7a, identificadas pela organiza\u00e7\u00e3o da actividade.<\/b><\/p>\n<p><b>\u00a0<\/b><\/p>\n<p><b>3\u00ba &#8211; Ap\u00f3s os testes a reprodu\u00e7\u00e3o s\u00f3 dever\u00e1 ser utilizada, aquando do in\u00edcio das provas ou actividades, e terminando, novamente em seguran\u00e7a e dentro do saco de transporte para a viatura.<\/b><\/p>\n<p align=\"center\"><b>\u00a0<\/b><\/p>\n<p align=\"center\"><b>VIII \u2013 Manuseamento em Seguran\u00e7a<\/b><\/p>\n<p align=\"center\"><b>\u00a0<\/b><\/p>\n<p><b>1\u00ba &#8211; Ao manusear a reprodu\u00e7\u00e3o use sempre \u00f3culos de protec\u00e7\u00e3o e certifique-se que quem se encontra na \u00e1rea tamb\u00e9m os usa.<\/b><\/p>\n<p><b>\u00a0<\/b><\/p>\n<p><b>2\u00ba &#8211; Prepare sempre a reprodu\u00e7\u00e3o com o selector no modo \u201csafe\u201d, nunca introduza o carregador at\u00e9 ao acto de fazer tiro e jamais aponte a reprodu\u00e7\u00e3o a algu\u00e9m.<\/b><\/p>\n<p><b>\u00a0<\/b><\/p>\n<p><b>3\u00ba &#8211; Quando preparado para fazer tiro, nunca ande com o dedo no gatilho a menos que j\u00e1 tenha o alvo em mira e a decis\u00e3o de disparar sobre ele.<\/b><\/p>\n<p><b>\u00a0<\/b><\/p>\n<p><b>4\u00ba &#8211; A terminar o acto, retire o carregador da reprodu\u00e7\u00e3o, efectue tr\u00eas disparos para o ar para expelir esferas que se encontrem introduzidas, coloque o selector em posi\u00e7\u00e3o safe, baixe a reprodu\u00e7\u00e3o, retire a fonte de alimenta\u00e7\u00e3o e guarde no recipiente para o transporte.<\/b><\/p>\n<p><b>\u00a0<\/b><\/p>\n<p><b>5\u00ba &#8211; Cumpra e obrigue a cumprir estas regras, denunciando quem n\u00e3o as cumprir.<\/b><\/p>\n<p align=\"center\"><b>\u00a0<\/b><\/p>\n<p align=\"center\"><b>IX \u2013 Equipamento de Protec\u00e7\u00e3o<\/b><\/p>\n<p align=\"center\"><b>\u00a0<\/b><\/p>\n<p><b>1\u00ba &#8211; \u00c9 obrigat\u00f3rio o uso de protec\u00e7\u00e3o ocular devidamente credenciada para esta pr\u00e1tica e proibido em algum momento a sua retirada.<\/b><\/p>\n<p><b>\u00a0<\/b><\/p>\n<p><b>2\u00ba &#8211; Use sempre um cal\u00e7ado apropriado, protec\u00e7\u00f5es de joelhos e cotovelos, luvas, protec\u00e7\u00e3o facial e outros acess\u00f3rios necess\u00e1rios a minimizar os danos f\u00edsicos que decorram de eventual incidente.<\/b><\/p>\n<p><b>\u00a0<\/b><\/p>\n<p><b>3\u00ba &#8211; Traga sempre consigo um kit de primeiros socorros individual.<\/b><\/p>\n<p align=\"center\"><b>\u00a0<\/b><\/p>\n<p align=\"center\"><b>X \u2013 Conduta em Prova<\/b><\/p>\n<p align=\"center\"><b>\u00a0<\/b><\/p>\n<p><b>1\u00ba &#8211; Ao disparar sobre um advers\u00e1rio certifique-se sempre que ao faz\u00ea-lo n\u00e3o coloca a sua integridade f\u00edsica em causa.<\/b><\/p>\n<p><b>\u00a0<\/b><\/p>\n<p><b>2\u00ba &#8211; Disparos de rajadas sobre advers\u00e1rios a dist\u00e2ncias inferiores a 5 metros devem evitar-se e se estritamente necess\u00e1rias, sempre do tronco para baixo e com curt\u00edssima dura\u00e7\u00e3o.<\/b><\/p>\n<p><b>\u00a0<\/b><\/p>\n<p><b>3\u00ba &#8211; Sobre advers\u00e1rios a menos de 3 metros nunca se dispara em rajada, devendo-se optar pela voz de rendi\u00e7\u00e3o. Se o disparo for necess\u00e1rio efectue um ou dois disparos \u00fanicos para zonas abaixo do tronco onde exista vestu\u00e1rio de protec\u00e7\u00e3o. Por exemplo colete, mochilas, joelheiras ou botas.<\/b><\/p>\n<p><b>\u00a0<\/b><\/p>\n<p><b>4\u00ba &#8211; Disparos para a cabe\u00e7a de advers\u00e1rios n\u00e3o devem ocorrer, a menos que dentro das dist\u00e2ncias m\u00ednimas, seja a \u00fanica parte vis\u00edvel e somente em modo de tiro-a-tiro.<\/b><\/p>\n<p><b>\u00a0<\/b><\/p>\n<p><b>5\u00ba &#8211; Respeite as zonas seguras definidas pela organiza\u00e7\u00e3o e meta em pr\u00e1tica as regras de seguran\u00e7a de manuseamento das reprodu\u00e7\u00f5es.<\/b><\/p>\n<p><b>\u00a0<\/b><\/p>\n<p><b>6\u00ba &#8211; Evite correrias desnecess\u00e1rias ou outros movimentos ou actos que coloquem a sua integridade f\u00edsica ou a dos outros praticantes em causa.<\/b><\/p>\n<p><b>\u00a0<\/b><\/p>\n<p><b>7\u00ba &#8211; Respeite todos os seus advers\u00e1rios e demais praticantes e nunca os negligencie de forma alguma.<\/b><\/p>\n<p><b>\u00a0<\/b><\/p>\n<p><b>8\u00ba Cumpra todas as regras impostas pelos agentes respons\u00e1veis nas provas ou eventos, fa\u00e7a cumprir e denuncie se necess\u00e1rio.<\/b><\/p>\n<p><b>\u00a0<\/b><\/p>\n<p><b>9\u00ba &#8211; N\u00e3o discuta ou entre em conflitos, em caso de d\u00favida use o bom senso e lembre-se que est\u00e1 \u00e9 uma pratica de honra e fair-play.<\/b><\/p>\n<p align=\"center\"><b>\u00a0<\/b><\/p>\n<p align=\"center\"><b>XI \u2013 Omiss\u00f5es<\/b><\/p>\n<p align=\"center\"><b>\u00a0<\/b><\/p>\n<p><b>1\u00ba &#8211; Em casos omissos todos devem cumprir os dispostos nas demais legisla\u00e7\u00f5es relacionadas \u00e0 pr\u00e1tica desta actividade f\u00edsica.<\/b><\/p>\n<p><b>\u00a0<\/b><\/p>\n<p><b>2\u00ba &#8211; Devem procurar aconselhamento especializado junto das institui\u00e7\u00f5es competentes.<\/b><\/p>\n<p>&nbsp;<\/p>\n<p>&nbsp;<\/p>\n<p>Estas regras podem sofrer v\u00e1rias altera\u00e7\u00f5es por forma a melhor se adequarem as reais necessidades das modalidades e ser\u00e3o sempre aprovadas em Assembleia Geral ap\u00f3s a sua elabora\u00e7\u00e3o.<\/p>\n<p>&nbsp;<\/p>\n<p>&nbsp;<\/p>\n<p>Pela Direc\u00e7\u00e3o da APMA, APD,<\/p>\n<p>Vila Franca de Xira, 3 de Janeiro de 2013<\/p>\n","protected":false},"excerpt":{"rendered":"<p>Introdu\u00e7\u00e3o &nbsp; As Regras de seguran\u00e7a neste documento descritas, s\u00e3o regras de seguran\u00e7a a adoptar por todos os associados da APMA, APD e por todos os praticantes de Airsoft e Milsim em geral. \u00a0 A pr\u00e1tica das modalidades de acordo com estas regras, reduzir\u00e1 consideravelmente o risco de les\u00e3o pelo praticante, aumentando o n\u00edvel de [&hellip;]<\/p>\n","protected":false},"author":1,"featured_media":0,"parent":0,"menu_order":0,"comment_status":"open","ping_status":"open","template":"","meta":{"footnotes":""},"class_list":["post-112","page","type-page","status-publish","czr-hentry"],"yoast_head":"<!-- This site is optimized with the Yoast SEO plugin v27.2 - https:\/\/yoast.com\/product\/yoast-seo-wordpress\/ -->\n<title>R.S.I. \u2013 Regras de Seguran\u00e7a Individual - Associa\u00e7\u00e3o Portuguesa de Milsim e Airsoft, APD<\/title>\n<meta name=\"robots\" content=\"index, follow, max-snippet:-1, max-image-preview:large, max-video-preview:-1\" \/>\n<link rel=\"canonical\" href=\"http:\/\/apmairsoft.pt\/site\/r-s-i-regras-de-seguranca-individual\/\" \/>\n<meta property=\"og:locale\" content=\"pt_PT\" \/>\n<meta property=\"og:type\" content=\"article\" \/>\n<meta property=\"og:title\" content=\"R.S.I. \u2013 Regras de Seguran\u00e7a Individual - Associa\u00e7\u00e3o Portuguesa de Milsim e Airsoft, APD\" \/>\n<meta property=\"og:description\" content=\"Introdu\u00e7\u00e3o &nbsp; As Regras de seguran\u00e7a neste documento descritas, s\u00e3o regras de seguran\u00e7a a adoptar por todos os associados da APMA, APD e por todos os praticantes de Airsoft e Milsim em geral. \u00a0 A pr\u00e1tica das modalidades de acordo com estas regras, reduzir\u00e1 consideravelmente o risco de les\u00e3o pelo praticante, aumentando o n\u00edvel de [&hellip;]\" \/>\n<meta property=\"og:url\" content=\"http:\/\/apmairsoft.pt\/site\/r-s-i-regras-de-seguranca-individual\/\" \/>\n<meta property=\"og:site_name\" content=\"Associa\u00e7\u00e3o Portuguesa de Milsim e Airsoft, APD\" \/>\n<meta property=\"article:publisher\" content=\"https:\/\/www.facebook.com\/APMA.APD\" \/>\n<meta property=\"article:modified_time\" content=\"2014-01-29T17:23:35+00:00\" \/>\n<meta name=\"twitter:label1\" content=\"Tempo estimado de leitura\" \/>\n\t<meta name=\"twitter:data1\" content=\"7 minutos\" \/>\n<script type=\"application\/ld+json\" class=\"yoast-schema-graph\">{\"@context\":\"https:\/\/schema.org\",\"@graph\":[{\"@type\":\"WebPage\",\"@id\":\"http:\/\/apmairsoft.pt\/site\/r-s-i-regras-de-seguranca-individual\/\",\"url\":\"http:\/\/apmairsoft.pt\/site\/r-s-i-regras-de-seguranca-individual\/\",\"name\":\"R.S.I. \u2013 Regras de Seguran\u00e7a Individual - Associa\u00e7\u00e3o Portuguesa de Milsim e Airsoft, APD\",\"isPartOf\":{\"@id\":\"http:\/\/apmairsoft.pt\/site\/#website\"},\"datePublished\":\"2014-01-29T17:22:52+00:00\",\"dateModified\":\"2014-01-29T17:23:35+00:00\",\"inLanguage\":\"pt-PT\",\"potentialAction\":[{\"@type\":\"ReadAction\",\"target\":[\"http:\/\/apmairsoft.pt\/site\/r-s-i-regras-de-seguranca-individual\/\"]}]},{\"@type\":\"WebSite\",\"@id\":\"http:\/\/apmairsoft.pt\/site\/#website\",\"url\":\"http:\/\/apmairsoft.pt\/site\/\",\"name\":\"Associa\u00e7\u00e3o Portuguesa de Milsim e Airsoft, APD\",\"description\":\"APMA \u00e9 uma Associa\u00e7\u00e3o Promotora de Desporto, est\u00e1 Registada no Instituto Portugu\u00eas do Desporto e da Juventude e na Direc\u00e7\u00e3o Nacional da Policia de Seguran\u00e7a P\u00fablica. \u00c9 portanto uma Entidade legal Para-federativa de caracter Nacional\",\"publisher\":{\"@id\":\"http:\/\/apmairsoft.pt\/site\/#organization\"},\"potentialAction\":[{\"@type\":\"SearchAction\",\"target\":{\"@type\":\"EntryPoint\",\"urlTemplate\":\"http:\/\/apmairsoft.pt\/site\/?s={search_term_string}\"},\"query-input\":{\"@type\":\"PropertyValueSpecification\",\"valueRequired\":true,\"valueName\":\"search_term_string\"}}],\"inLanguage\":\"pt-PT\"},{\"@type\":\"Organization\",\"@id\":\"http:\/\/apmairsoft.pt\/site\/#organization\",\"name\":\"APMA - Associa\u00e7\u00e3o Portuguesa de Milsim e Airsoft, APD\",\"url\":\"http:\/\/apmairsoft.pt\/site\/\",\"logo\":{\"@type\":\"ImageObject\",\"inLanguage\":\"pt-PT\",\"@id\":\"http:\/\/apmairsoft.pt\/site\/#\/schema\/logo\/image\/\",\"url\":\"http:\/\/apmairsoft.pt\/site\/wp-content\/uploads\/2019\/11\/APMA_preto-280x135.jpg\",\"contentUrl\":\"http:\/\/apmairsoft.pt\/site\/wp-content\/uploads\/2019\/11\/APMA_preto-280x135.jpg\",\"width\":280,\"height\":135,\"caption\":\"APMA - Associa\u00e7\u00e3o Portuguesa de Milsim e Airsoft, APD\"},\"image\":{\"@id\":\"http:\/\/apmairsoft.pt\/site\/#\/schema\/logo\/image\/\"},\"sameAs\":[\"https:\/\/www.facebook.com\/APMA.APD\",\"https:\/\/x.com\/APMA_APD\"]}]}<\/script>\n<!-- \/ Yoast SEO plugin. -->","yoast_head_json":{"title":"R.S.I. \u2013 Regras de Seguran\u00e7a Individual - Associa\u00e7\u00e3o Portuguesa de Milsim e Airsoft, APD","robots":{"index":"index","follow":"follow","max-snippet":"max-snippet:-1","max-image-preview":"max-image-preview:large","max-video-preview":"max-video-preview:-1"},"canonical":"http:\/\/apmairsoft.pt\/site\/r-s-i-regras-de-seguranca-individual\/","og_locale":"pt_PT","og_type":"article","og_title":"R.S.I. \u2013 Regras de Seguran\u00e7a Individual - Associa\u00e7\u00e3o Portuguesa de Milsim e Airsoft, APD","og_description":"Introdu\u00e7\u00e3o &nbsp; As Regras de seguran\u00e7a neste documento descritas, s\u00e3o regras de seguran\u00e7a a adoptar por todos os associados da APMA, APD e por todos os praticantes de Airsoft e Milsim em geral. \u00a0 A pr\u00e1tica das modalidades de acordo com estas regras, reduzir\u00e1 consideravelmente o risco de les\u00e3o pelo praticante, aumentando o n\u00edvel de [&hellip;]","og_url":"http:\/\/apmairsoft.pt\/site\/r-s-i-regras-de-seguranca-individual\/","og_site_name":"Associa\u00e7\u00e3o Portuguesa de Milsim e Airsoft, APD","article_publisher":"https:\/\/www.facebook.com\/APMA.APD","article_modified_time":"2014-01-29T17:23:35+00:00","twitter_misc":{"Tempo estimado de leitura":"7 minutos"},"schema":{"@context":"https:\/\/schema.org","@graph":[{"@type":"WebPage","@id":"http:\/\/apmairsoft.pt\/site\/r-s-i-regras-de-seguranca-individual\/","url":"http:\/\/apmairsoft.pt\/site\/r-s-i-regras-de-seguranca-individual\/","name":"R.S.I. \u2013 Regras de Seguran\u00e7a Individual - Associa\u00e7\u00e3o Portuguesa de Milsim e Airsoft, APD","isPartOf":{"@id":"http:\/\/apmairsoft.pt\/site\/#website"},"datePublished":"2014-01-29T17:22:52+00:00","dateModified":"2014-01-29T17:23:35+00:00","inLanguage":"pt-PT","potentialAction":[{"@type":"ReadAction","target":["http:\/\/apmairsoft.pt\/site\/r-s-i-regras-de-seguranca-individual\/"]}]},{"@type":"WebSite","@id":"http:\/\/apmairsoft.pt\/site\/#website","url":"http:\/\/apmairsoft.pt\/site\/","name":"Associa\u00e7\u00e3o Portuguesa de Milsim e Airsoft, APD","description":"APMA \u00e9 uma Associa\u00e7\u00e3o Promotora de Desporto, est\u00e1 Registada no Instituto Portugu\u00eas do Desporto e da Juventude e na Direc\u00e7\u00e3o Nacional da Policia de Seguran\u00e7a P\u00fablica. \u00c9 portanto uma Entidade legal Para-federativa de caracter Nacional","publisher":{"@id":"http:\/\/apmairsoft.pt\/site\/#organization"},"potentialAction":[{"@type":"SearchAction","target":{"@type":"EntryPoint","urlTemplate":"http:\/\/apmairsoft.pt\/site\/?s={search_term_string}"},"query-input":{"@type":"PropertyValueSpecification","valueRequired":true,"valueName":"search_term_string"}}],"inLanguage":"pt-PT"},{"@type":"Organization","@id":"http:\/\/apmairsoft.pt\/site\/#organization","name":"APMA - Associa\u00e7\u00e3o Portuguesa de Milsim e Airsoft, APD","url":"http:\/\/apmairsoft.pt\/site\/","logo":{"@type":"ImageObject","inLanguage":"pt-PT","@id":"http:\/\/apmairsoft.pt\/site\/#\/schema\/logo\/image\/","url":"http:\/\/apmairsoft.pt\/site\/wp-content\/uploads\/2019\/11\/APMA_preto-280x135.jpg","contentUrl":"http:\/\/apmairsoft.pt\/site\/wp-content\/uploads\/2019\/11\/APMA_preto-280x135.jpg","width":280,"height":135,"caption":"APMA - Associa\u00e7\u00e3o Portuguesa de Milsim e Airsoft, APD"},"image":{"@id":"http:\/\/apmairsoft.pt\/site\/#\/schema\/logo\/image\/"},"sameAs":["https:\/\/www.facebook.com\/APMA.APD","https:\/\/x.com\/APMA_APD"]}]}},"_links":{"self":[{"href":"http:\/\/apmairsoft.pt\/site\/wp-json\/wp\/v2\/pages\/112","targetHints":{"allow":["GET"]}}],"collection":[{"href":"http:\/\/apmairsoft.pt\/site\/wp-json\/wp\/v2\/pages"}],"about":[{"href":"http:\/\/apmairsoft.pt\/site\/wp-json\/wp\/v2\/types\/page"}],"author":[{"embeddable":true,"href":"http:\/\/apmairsoft.pt\/site\/wp-json\/wp\/v2\/users\/1"}],"replies":[{"embeddable":true,"href":"http:\/\/apmairsoft.pt\/site\/wp-json\/wp\/v2\/comments?post=112"}],"version-history":[{"count":2,"href":"http:\/\/apmairsoft.pt\/site\/wp-json\/wp\/v2\/pages\/112\/revisions"}],"predecessor-version":[{"id":114,"href":"http:\/\/apmairsoft.pt\/site\/wp-json\/wp\/v2\/pages\/112\/revisions\/114"}],"wp:attachment":[{"href":"http:\/\/apmairsoft.pt\/site\/wp-json\/wp\/v2\/media?parent=112"}],"curies":[{"name":"wp","href":"https:\/\/api.w.org\/{rel}","templated":true}]}}