{"id":115,"date":"2014-01-29T17:25:17","date_gmt":"2014-01-29T17:25:17","guid":{"rendered":"http:\/\/apmairsoft.pt\/site\/?page_id=115"},"modified":"2014-01-29T17:25:53","modified_gmt":"2014-01-29T17:25:53","slug":"r-s-r-regras-de-seguranca-de-recintos","status":"publish","type":"page","link":"http:\/\/apmairsoft.pt\/site\/r-s-r-regras-de-seguranca-de-recintos\/","title":{"rendered":"R.S.R &#8211; Regras de Seguran\u00e7a de Recintos"},"content":{"rendered":"<p align=\"center\"><b>Introdu\u00e7\u00e3o<\/b><\/p>\n<p>&nbsp;<\/p>\n<p><b>As Regras de seguran\u00e7a neste documento descritas, s\u00e3o regras de seguran\u00e7a a implementar por todas as entidades organizadoras de eventos destas modalidades e a adoptar por todos os associados da APMA, APD e por todos os praticantes de Airsoft e Milsim em geral.<\/b><\/p>\n<p><b>\u00a0 A implementa\u00e7\u00e3o destas regras, reduzir\u00e1 consideravelmente o risco de les\u00e3o pelo praticante, aumentando o n\u00edvel de seguran\u00e7a no decorrer do evento para todos os praticantes ou atletas, bem como o cidad\u00e3o no geral.<\/b><\/p>\n<p><b>\u00a0 Al\u00e9m destas regras, \u00e9 obrigat\u00f3rio cumprir todos os dispostos na nossa legisla\u00e7\u00e3o nacional, nomeadamente documento em anexo, \u201cLei da Armas\u201d, com as partes essenciais \u00e1 modalidade.<\/b><\/p>\n<p>&nbsp;<\/p>\n<p>&nbsp;<\/p>\n<p align=\"center\"><b>CAP\u00cdTULO 1 \u2013 Prepara\u00e7\u00e3o do Evento<\/b><\/p>\n<p align=\"center\"><b>\u00a0<\/b><\/p>\n<p align=\"center\"><b>I \u2013 Responsabilidade Organizadora<\/b><\/p>\n<p align=\"center\"><b>\u00a0<\/b><\/p>\n<p><b>1\u00ba &#8211; \u00c9 responsabilidade da organiza\u00e7\u00e3o assegurar a integridade f\u00edsica de todos os praticantes, espectadores e cidad\u00e3os envolventes.<\/b><\/p>\n<p><b>\u00a0<\/b><\/p>\n<p><b>2\u00ba &#8211; \u00c9 de sua responsabilidade e dever informar todas as entidades competentes por forma \u00e0 boa pr\u00e1tica das modalidades e eventos.<\/b><\/p>\n<p><b>\u00a0<\/b><\/p>\n<p><b>3\u00ba &#8211; A organiza\u00e7\u00e3o \u00e9 respons\u00e1vel pelo tratamento de todas as autoriza\u00e7\u00f5es, seguros e licen\u00e7as necess\u00e1rias ao bom funcionamento dos eventos.<\/b><\/p>\n<p><b>\u00a0<\/b><\/p>\n<p><b>4\u00ba &#8211; Tem o dever de fazer cumprir o RSI \u2013 Regulamento de Seguran\u00e7a Individual.<\/b><\/p>\n<p align=\"center\"><b>\u00a0<\/b><\/p>\n<p align=\"center\"><b>II \u2013 Informar as Autoridades<\/b><\/p>\n<p align=\"center\"><b>\u00a0<\/b><\/p>\n<p><b>1\u00ba &#8211; Devem ser informadas as Autoridades Locais com poder territorial, P.S.P. ou G.N.R., de prefer\u00eancia presencialmente, sobre a inten\u00e7\u00e3o de organizar as demais actividades e eventos. Em alguns casos a Policia Mar\u00edtima.<\/b><\/p>\n<p><b>\u00a0<\/b><\/p>\n<p><b>2\u00ba &#8211; Deve ser remetida ao Departamento de Armas e Explosivos da P.S.P. a comunica\u00e7\u00e3o pr\u00e9via da sua realiza\u00e7\u00e3o com a anteced\u00eancia m\u00ednima de 10 dias<\/b><\/p>\n<p><b>\u00a0<\/b><\/p>\n<p><b>3\u00ba &#8211; Nas comunica\u00e7\u00f5es a serem feitas dever\u00e1 constar a Data, Dura\u00e7\u00e3o, Numero de participantes, Local e Contacto da Organiza\u00e7\u00e3o, bem como outras informa\u00e7\u00f5es que sejam requeridas.<\/b><\/p>\n<p><b>\u00a0<\/b><\/p>\n<p><b>4\u00ba &#8211; A APMA disponibiliza um documento tipo para este efeito que dever\u00e1 ser remetido por carta ou email, dentro dos prazos estipulados e acompanhados de plantas, mapas, listagens e outros documentos que ajudem as autoridades a melhor identificarem as actividades.<\/b><\/p>\n<p align=\"center\"><b>\u00a0<\/b><\/p>\n<p align=\"center\"><b>III \u2013 Emerg\u00eancia e Socorro<\/b><\/p>\n<p align=\"center\"><b>\u00a0<\/b><\/p>\n<p><b>1\u00ba &#8211; As organiza\u00e7\u00f5es t\u00eam o dever de informar as Entidades de Emerg\u00eancia competentes como a Protec\u00e7\u00e3o Civil, Bombeiros, I.N.E.M., Cruz Vermelha e outros Institutos de Socorros dispon\u00edveis.<\/b><\/p>\n<p><b>\u00a0<\/b><\/p>\n<p><b>2\u00ba &#8211; Devem ser feitos contactos pr\u00e9vios com estas por forma a um socorro r\u00e1pido e eficiente em caso de ocorr\u00eancias.<\/b><\/p>\n<p align=\"center\"><b>\u00a0<\/b><\/p>\n<p align=\"center\"><b>IV \u2013 Seguran\u00e7a e Preven\u00e7\u00e3o<\/b><\/p>\n<p align=\"center\"><b>\u00a0<\/b><\/p>\n<p><b>1\u00ba &#8211; Devem ser pedidos pareceres a estas entidades sobre a seguran\u00e7a no local do jogo e tomar as medidas propostas para a sua concretiza\u00e7\u00e3o.<\/b><\/p>\n<p><b>\u00a0<\/b><\/p>\n<p><b>2\u00ba &#8211; Devem obrigatoriamente contratar um Seguro Desportivo ou outro adequado que cubra os mesmos riscos previstos na lei.<\/b><\/p>\n<p><b>\u00a0<\/b><\/p>\n<p><b>3\u00ba &#8211; Devem fazer esfor\u00e7os por ter presente e durante as actividades Agentes que garantam os primeiros socorros aos praticantes e demais afectos ao evento.<\/b><\/p>\n<p align=\"center\"><b>\u00a0<\/b><\/p>\n<p align=\"center\"><b>V \u2013 Popula\u00e7\u00e3o Local<\/b><\/p>\n<p align=\"center\"><b>\u00a0<\/b><\/p>\n<p><b>1\u00ba &#8211; As popula\u00e7\u00f5es locais dentro das zonas envolventes \u00e1 pratica das actividades devem ser previamente avisadas e em caso de desconhecimento, devem ser muto bem esclarecidas.<\/b><\/p>\n<p><b>\u00a0<\/b><\/p>\n<p><b>2\u00ba &#8211; Devem ser afixadas sinal\u00e9tica informativa acerca do evento a realizar, em espa\u00e7os p\u00fablicos e zonas movimentadas. Devem conter foto, planta ou mapa da \u00e1rea a utilizar na pr\u00e1tica das actividades.<\/b><\/p>\n<p align=\"center\"><b>\u00a0<\/b><\/p>\n<p align=\"center\"><b>VI \u2013 Outras Entidades<\/b><\/p>\n<p align=\"center\"><b>\u00a0<\/b><\/p>\n<p><b>1\u00ba &#8211; Devem ser feitos esfor\u00e7os por parte de quem organiza para concertar com Associa\u00e7\u00f5es de Ca\u00e7a, Guardas Florestais, Escuteiros, Associa\u00e7\u00f5es Ambientalistas e outras Entidades a realiza\u00e7\u00e3o destas actividades.<\/b><\/p>\n<p><b>\u00a0<\/b><\/p>\n<p align=\"center\"><b>VII \u2013 Autoriza\u00e7\u00f5es<\/b><\/p>\n<p align=\"center\"><b>\u00a0<\/b><\/p>\n<p><b>1\u00ba &#8211; Os organizadores devem ser detentores de documento que comprove que est\u00e3o autorizados pelo propriet\u00e1rio dos locais ou recintos a exercer as actividades que se prop\u00f5em.<\/b><\/p>\n<p><b>\u00a0<\/b><\/p>\n<p><b>2\u00ba &#8211; Devem tamb\u00e9m fazer todas as dilig\u00eancias para obter todas as licen\u00e7as que sejam necess\u00e1rias junto do Poder Local e Entidades respons\u00e1veis.<\/b><\/p>\n<p><b>\u00a0<\/b><\/p>\n<p><b>3\u00ba &#8211; Todas outras autoriza\u00e7\u00f5es necess\u00e1rias para a organiza\u00e7\u00e3o de actividades devem ser tratadas por quem organiza.<\/b><\/p>\n<p align=\"center\"><b>\u00a0<\/b><\/p>\n<p align=\"center\"><b>CAP\u00cdTULO 2 \u2013 Zonas Espec\u00edficas<\/b><\/p>\n<p align=\"center\"><b>\u00a0<\/b><\/p>\n<p align=\"center\"><b>VIII \u2013 Estacionamento<\/b><\/p>\n<p align=\"center\"><b>\u00a0<\/b><\/p>\n<p><b>1\u00ba &#8211; As condi\u00e7\u00f5es de estacionamento das viaturas devem ser previamente tratadas com as Autoridades de Seguran\u00e7a Rodovi\u00e1ria locais.<\/b><\/p>\n<p><b>\u00a0<\/b><\/p>\n<p><b>2\u00ba &#8211; Devem ser tidas em conta as devidas autoriza\u00e7\u00f5es que hajam a requisitar junto das entidades competentes.<\/b><\/p>\n<p><b>\u00a0<\/b><\/p>\n<p><b>3\u00ba &#8211; Devem ser bem delimitadas, identificadas e garantindo o f\u00e1cil escoamento de viaturas.<\/b><\/p>\n<p><b>\u00a0<\/b><\/p>\n<p><b>4\u00ba &#8211; \u00c9 proibido o manuseamento de reprodu\u00e7\u00f5es nesta zona, esta proibi\u00e7\u00e3o deve ser auxiliada por sinal\u00e9tica adequada. Modelo 3b<\/b><\/p>\n<p align=\"center\"><b>\u00a0<\/b><\/p>\n<p align=\"center\"><b>IX \u2013 Acampamento<\/b><\/p>\n<p align=\"center\"><b>\u00a0<\/b><\/p>\n<p><b>1\u00ba &#8211; Os organizadores devem zelar por uma zona de acampamento com todas as condi\u00e7\u00f5es de seguran\u00e7a e higiene, tratando de toda a log\u00edstica necess\u00e1ria \u00e1 sua execu\u00e7\u00e3o.<\/b><\/p>\n<p><b>\u00a0<\/b><\/p>\n<p><b>2\u00ba &#8211; A instala\u00e7\u00e3o de acampamentos provis\u00f3rios, n\u00e3o s\u00f3 est\u00e1 obrigada a autoriza\u00e7\u00e3o dos propriet\u00e1rios dos terrenos, bem como a licen\u00e7as camar\u00e1rias e seguros espec\u00edficos.<\/b><\/p>\n<p><b>\u00a0<\/b><\/p>\n<p><b>3\u00ba &#8211; \u00c9 aconselhado procurar aconselhamento junto das entidades de protec\u00e7\u00e3o civil ou bombeiros.<\/b><\/p>\n<p><b>\u00a0<\/b><\/p>\n<p><b>4\u00ba &#8211; \u00c9 proibido o manuseamento de reprodu\u00e7\u00f5es nesta zona, esta proibi\u00e7\u00e3o deve ser auxiliada por sinal\u00e9tica adequada. Modelo 3b.<\/b><\/p>\n<p align=\"center\"><b>\u00a0<\/b><\/p>\n<p align=\"center\"><b>X \u2013 Carreira de Testes<\/b><\/p>\n<p align=\"center\"><b>\u00a0<\/b><\/p>\n<p><b>1\u00ba &#8211; Devem ser criadas zonas de disparos de testes, afina\u00e7\u00f5es e verifica\u00e7\u00e3o de pot\u00eancia da reprodu\u00e7\u00e3o em local isolado, em seguran\u00e7a, respeitando \u00e2ngulos e dist\u00e2ncias de tiro seguro.<\/b><\/p>\n<p><b>\u00a0<\/b><\/p>\n<p><b>2\u00ba &#8211; A informa\u00e7\u00e3o disposta nas Regras de Seguran\u00e7a Individual, nomeadamente quadros VII e VIII devem estar afixadas bem vis\u00edveis e devem ser cumpridas.<\/b><\/p>\n<p><b>\u00a0<\/b><\/p>\n<p><b>3\u00ba &#8211; \u00c9 obrigat\u00f3rio o uso de sinal\u00e9tica a identificar a Carreira de testes e o uso de \u00f3culos de protec\u00e7\u00e3o. Modelos 4 e 4b.<\/b><\/p>\n<p><b>\u00a0<\/b><\/p>\n<p><b>4\u00ba &#8211; \u00c9 obrigat\u00f3rio ser feita a fiscaliza\u00e7\u00e3o preventiva da pot\u00eancia das reprodu\u00e7\u00f5es. Devem ser medidas com cron\u00f3grafo calibrado e se poss\u00edvel efectuar registo de todas em documento pr\u00f3prio.<\/b><\/p>\n<p><b>\u00a0<\/b><\/p>\n<p align=\"center\"><b>XI \u2013 \u00c1rea de Seguran\u00e7a<\/b><\/p>\n<p align=\"center\"><b>\u00a0<\/b><\/p>\n<p><b>1\u00ba &#8211; Devem ser criadas zonas seguras ou de seguran\u00e7a e \u00e9 proibido fazer tiro dentro desta zona. Esta proibi\u00e7\u00e3o deve ser auxiliada por sinal\u00e9tica. Modelo 3 ou 3b.<\/b><\/p>\n<p><b>\u00a0<\/b><\/p>\n<p><b>2\u00ba &#8211; A circula\u00e7\u00e3o de reprodu\u00e7\u00f5es dentro da mesma s\u00f3 pode ser feita com a reprodu\u00e7\u00e3o em seguran\u00e7a, sem carregador e desligado da sua fonte de alimenta\u00e7\u00e3o.<\/b><\/p>\n<p><b>\u00a0<\/b><\/p>\n<p><b>3\u00ba &#8211; Dever\u00e1 ser esta zona destinada a recep\u00e7\u00e3o dos praticantes e \u201ccheck in\u201d.<\/b><\/p>\n<p><b>\u00a0<\/b><\/p>\n<p><b>4\u00ba &#8211; Poder\u00e1 ser uma zona fronteiri\u00e7a com o acampamento, zonas comerciais e o mais afastada das carreiras de tiro e \u00e1rea jog\u00e1vel. <\/b><\/p>\n<p align=\"center\"><b>\u00a0<\/b><\/p>\n<p align=\"center\"><b>XII \u2013 Zonas Comerciais<\/b><\/p>\n<p align=\"center\"><b>\u00a0<\/b><\/p>\n<p><b>\u00a0<\/b><\/p>\n<p><b>1\u00ba &#8211; \u00c9 proibido o manuseamento de reprodu\u00e7\u00f5es nesta zona, esta proibi\u00e7\u00e3o deve ser auxiliada por sinal\u00e9tica adequada.<\/b><\/p>\n<p><b>\u00a0<\/b><\/p>\n<p><b>2\u00ba &#8211; Nesta zona dever\u00e3o ser colocados todos os stands de lojas e expositores no evento.<\/b><\/p>\n<p><b>\u00a0<\/b><\/p>\n<p><b>3\u00ba &#8211; Dever\u00e1 ser uma zona pr\u00f3xima da Zona de seguran\u00e7a e do acampamento.<\/b><\/p>\n<p align=\"center\"><b>\u00a0<\/b><\/p>\n<p align=\"center\"><b>XIII \u2013 Outras Zonas<\/b><\/p>\n<p align=\"center\"><b>\u00a0<\/b><\/p>\n<p><b>1\u00ba &#8211; Podem ser criadas outras zonas espec\u00edficas, mas todas elas devem respeitar o pressuposto de proibi\u00e7\u00e3o de manuseamento de reprodu\u00e7\u00f5es.<\/b><\/p>\n<p><b>\u00a0<\/b><\/p>\n<p><b>2\u00ba &#8211; Nestas \u00e1reas poder\u00e3o ficar os prontos-socorros, os balne\u00e1rios, refeit\u00f3rios, bares entre outras.<\/b><\/p>\n<p><b>\u00a0<\/b><\/p>\n<p><b>3\u00ba &#8211; Deve haver sinal\u00e9tica adequada.<\/b><\/p>\n<p align=\"center\"><b>\u00a0<\/b><\/p>\n<p align=\"center\"><b>CAP\u00cdTULO 3 \u2013 Prepara\u00e7\u00e3o dos Espa\u00e7os<\/b><\/p>\n<p align=\"center\"><b>\u00a0<\/b><\/p>\n<p align=\"center\"><b>XIV \u2013 Sinal\u00e9tica<\/b><\/p>\n<p align=\"center\"><b>\u00a0<\/b><\/p>\n<p><b>1\u00ba &#8211; Todas \u00e1reas de jogos e outras zonas devem estar sempre bem sinalizadas com sinal\u00e9tica adequada que identifique bem para que se destina.<\/b><\/p>\n<p><b>\u00a0<\/b><\/p>\n<p><b>2\u00ba &#8211; Nas zonas interditas ao manuseamento de reprodu\u00e7\u00f5es devem existir sinal\u00e9tica a proibir o mesmo, utilizando o nosso Modelo 3 ou 3b de acordo com o grau de seguran\u00e7a exigido pela organiza\u00e7\u00e3o.<\/b><\/p>\n<p><b>\u00a0<\/b><\/p>\n<p><b>3\u00ba &#8211; Em todas as periferias e poss\u00edveis entradas de civis n\u00e3o afectos \u00e1 actividade ou evento devem ser colocadas placas de acordo com os nossos Modelos 1, 1b, 1c e 2c<\/b><\/p>\n<p><b>\u00a0<\/b><\/p>\n<p><b>4\u00ba &#8211; Em zonas mais afastadas e pr\u00f3ximas da povoa\u00e7\u00e3o podem ser colocadas informa\u00e7\u00f5es acerca da actividade de acordo com a nossa sinal\u00e9tica Modelo 2 e 2b<\/b><\/p>\n<p><b>\u00a0<\/b><\/p>\n<p><b>5\u00ba &#8211; Devem tamb\u00e9m dias antes do evento afixar poster alusivo e explicativo ao evento que se ir\u00e1 realizar. Deve conter os contactos da organiza\u00e7\u00e3o para em caso de d\u00favidas.<\/b><\/p>\n<p align=\"center\"><b>\u00a0<\/b><\/p>\n<p align=\"center\"><b>XV \u2013 Per\u00edmetro do Recinto<\/b><\/p>\n<p align=\"center\"><b>\u00a0<\/b><\/p>\n<p><b>1\u00ba &#8211; Todo o recinto onde se vai praticar as actividade devem estar bem identificadas e delimitadas com fita balizadora.<\/b><\/p>\n<p><b>\u00a0<\/b><\/p>\n<p><b>2\u00ba &#8211; Devem ser tomadas medidas que acautelem a invas\u00e3o de terrenos alheios aos autorizados para as actividades ou eventos.<\/b><\/p>\n<p><b>\u00a0<\/b><\/p>\n<p><b>3\u00ba &#8211; As cartas ou mapas a fornecer aos participantes devem estar bem explicitas e de f\u00e1cil interpreta\u00e7\u00e3o.<\/b><\/p>\n<p><b>\u00a0<\/b><\/p>\n<p><b>4\u00ba &#8211; Sempre que necess\u00e1rio devem ser afixadas sinal\u00e9tica de acordo com o pretendido.<\/b><b><\/b><\/p>\n<p align=\"center\"><b>\u00a0<\/b><\/p>\n<p align=\"center\"><b>XVI \u2013 \u00c1rea de Jogo<\/b><\/p>\n<p align=\"center\"><b>\u00a0<\/b><\/p>\n<p><b>1\u00ba &#8211; A \u00e1rea de jogo ou jog\u00e1vel deve ser alvo de uma pr\u00e9via avalia\u00e7\u00e3o para despistar e prevenir poss\u00edveis acidentes.<\/b><\/p>\n<p><b>\u00a0<\/b><\/p>\n<p><b>2\u00ba &#8211; Deve ser pedido aos agentes competentes para quest\u00f5es de seguran\u00e7a um acompanhamento para elaborar um relat\u00f3rio de riscos existentes no terreno.<\/b><\/p>\n<p><b>\u00a0<\/b><\/p>\n<p><b>3\u00ba &#8211; Todos os poss\u00edveis riscos devem ser eliminados e em caso de impossibilidade de o fazer, esses nichos devem ser interditos \u00e1 pr\u00e1tica das actividades, bem identificados e isolados.<\/b><\/p>\n<p><b>\u00a0<\/b><\/p>\n<p><b>4\u00ba &#8211; Devem tamb\u00e9m ser equacionados pela organiza\u00e7\u00e3o cen\u00e1rios de socorro imediato aos praticantes caso necess\u00e1rio.<\/b><\/p>\n<p><b>\u00a0<\/b><\/p>\n<p><b>4\u00ba &#8211; Devem ser postas em pr\u00e1tica as medidas de sinaliza\u00e7\u00e3o descritas no anterior quadro XIV.<\/b><\/p>\n<p><b>\u00a0<\/b><\/p>\n<p align=\"center\"><b>\u00a0<\/b><\/p>\n<p align=\"center\"><b>CAP\u00cdTULO 4 \u2013 Outras Disposi\u00e7\u00f5es<\/b><\/p>\n<p align=\"center\"><b>\u00a0<\/b><\/p>\n<p align=\"center\"><b>XVII \u2013 O Praticante<\/b><\/p>\n<p align=\"center\"><b>\u00a0<\/b><\/p>\n<p><b>1\u00ba &#8211; Os organizadores devem elaborar documento onde conste toda a informa\u00e7\u00e3o necess\u00e1ria acerca dos praticantes a serem usados em caso de acidente tais como: Nome e Telefone a contactar, Alergias, Medica\u00e7\u00e3o, Limita\u00e7\u00f5es F\u00edsicas e Patologias \u00a0entre outras.<\/b><\/p>\n<p><b>\u00a0<\/b><\/p>\n<p><b>2\u00ba &#8211; A todos os praticantes deve ser fornecido um documento onde conste todos os telefones de emerg\u00eancia e socorro, bem como contacto da organiza\u00e7\u00e3o.<\/b><\/p>\n<p><b>\u00a0<\/b><\/p>\n<p><b>3\u00ba &#8211; Dever\u00e1 ser obrigat\u00f3rio tamb\u00e9m incluir no material individual um kit de 1\u00bas socorros e um apito.<\/b><\/p>\n<p align=\"center\"><b>\u00a0<\/b><\/p>\n<p align=\"center\"><b>XVIII \u2013 Omiss\u00f5es<\/b><\/p>\n<p align=\"center\"><b>\u00a0<\/b><\/p>\n<p><b>1\u00ba &#8211; Em casos omissos todos devem cumprir os dispostos nas demais legisla\u00e7\u00f5es relacionadas \u00e0 pr\u00e1tica desta actividade f\u00edsica.<\/b><\/p>\n<p><b>\u00a0<\/b><\/p>\n<p><b>2\u00ba &#8211; Devem procurar aconselhamento especializado junto das institui\u00e7\u00f5es competentes.<\/b><\/p>\n<p>&nbsp;<\/p>\n<p>&nbsp;<\/p>\n<p>Estas regras podem sofrer v\u00e1rias altera\u00e7\u00f5es por forma a melhor se adequarem as reais necessidades das modalidades e ser\u00e3o sempre aprovadas em Assembleia Geral ap\u00f3s a sua elabora\u00e7\u00e3o.<\/p>\n<p>&nbsp;<\/p>\n<p>&nbsp;<\/p>\n<p>&nbsp;<\/p>\n<p>&nbsp;<\/p>\n<p>Pela Direc\u00e7\u00e3o da APMA, APD,<\/p>\n<p>Vila Franca de Xira, 12 de Fevereiro de 2013<\/p>\n","protected":false},"excerpt":{"rendered":"<p>Introdu\u00e7\u00e3o &nbsp; As Regras de seguran\u00e7a neste documento descritas, s\u00e3o regras de seguran\u00e7a a implementar por todas as entidades organizadoras de eventos destas modalidades e a adoptar por todos os associados da APMA, APD e por todos os praticantes de Airsoft e Milsim em geral. \u00a0 A implementa\u00e7\u00e3o destas regras, reduzir\u00e1 consideravelmente o risco de [&hellip;]<\/p>\n","protected":false},"author":1,"featured_media":0,"parent":0,"menu_order":0,"comment_status":"open","ping_status":"open","template":"","meta":{"footnotes":""},"class_list":["post-115","page","type-page","status-publish","czr-hentry"],"yoast_head":"<!-- This site is optimized with the Yoast SEO plugin v27.2 - https:\/\/yoast.com\/product\/yoast-seo-wordpress\/ -->\n<title>R.S.R - Regras de Seguran\u00e7a de Recintos - Associa\u00e7\u00e3o Portuguesa de Milsim e Airsoft, APD<\/title>\n<meta name=\"robots\" content=\"index, follow, max-snippet:-1, max-image-preview:large, max-video-preview:-1\" \/>\n<link rel=\"canonical\" href=\"https:\/\/apmairsoft.pt\/site\/r-s-r-regras-de-seguranca-de-recintos\/\" \/>\n<meta property=\"og:locale\" content=\"pt_PT\" \/>\n<meta property=\"og:type\" content=\"article\" \/>\n<meta property=\"og:title\" content=\"R.S.R - Regras de Seguran\u00e7a de Recintos - Associa\u00e7\u00e3o Portuguesa de Milsim e Airsoft, APD\" \/>\n<meta property=\"og:description\" content=\"Introdu\u00e7\u00e3o &nbsp; As Regras de seguran\u00e7a neste documento descritas, s\u00e3o regras de seguran\u00e7a a implementar por todas as entidades organizadoras de eventos destas modalidades e a adoptar por todos os associados da APMA, APD e por todos os praticantes de Airsoft e Milsim em geral. \u00a0 A implementa\u00e7\u00e3o destas regras, reduzir\u00e1 consideravelmente o risco de [&hellip;]\" \/>\n<meta property=\"og:url\" content=\"https:\/\/apmairsoft.pt\/site\/r-s-r-regras-de-seguranca-de-recintos\/\" \/>\n<meta property=\"og:site_name\" content=\"Associa\u00e7\u00e3o Portuguesa de Milsim e Airsoft, APD\" \/>\n<meta property=\"article:publisher\" content=\"https:\/\/www.facebook.com\/APMA.APD\" \/>\n<meta property=\"article:modified_time\" content=\"2014-01-29T17:25:53+00:00\" \/>\n<meta name=\"twitter:label1\" content=\"Tempo estimado de leitura\" \/>\n\t<meta name=\"twitter:data1\" content=\"9 minutos\" \/>\n<script type=\"application\/ld+json\" class=\"yoast-schema-graph\">{\"@context\":\"https:\/\/schema.org\",\"@graph\":[{\"@type\":\"WebPage\",\"@id\":\"https:\/\/apmairsoft.pt\/site\/r-s-r-regras-de-seguranca-de-recintos\/\",\"url\":\"https:\/\/apmairsoft.pt\/site\/r-s-r-regras-de-seguranca-de-recintos\/\",\"name\":\"R.S.R - Regras de Seguran\u00e7a de Recintos - Associa\u00e7\u00e3o Portuguesa de Milsim e Airsoft, APD\",\"isPartOf\":{\"@id\":\"http:\/\/apmairsoft.pt\/site\/#website\"},\"datePublished\":\"2014-01-29T17:25:17+00:00\",\"dateModified\":\"2014-01-29T17:25:53+00:00\",\"inLanguage\":\"pt-PT\",\"potentialAction\":[{\"@type\":\"ReadAction\",\"target\":[\"https:\/\/apmairsoft.pt\/site\/r-s-r-regras-de-seguranca-de-recintos\/\"]}]},{\"@type\":\"WebSite\",\"@id\":\"http:\/\/apmairsoft.pt\/site\/#website\",\"url\":\"http:\/\/apmairsoft.pt\/site\/\",\"name\":\"Associa\u00e7\u00e3o Portuguesa de Milsim e Airsoft, APD\",\"description\":\"APMA \u00e9 uma Associa\u00e7\u00e3o Promotora de Desporto, est\u00e1 Registada no Instituto Portugu\u00eas do Desporto e da Juventude e na Direc\u00e7\u00e3o Nacional da Policia de Seguran\u00e7a P\u00fablica. \u00c9 portanto uma Entidade legal Para-federativa de caracter Nacional\",\"publisher\":{\"@id\":\"http:\/\/apmairsoft.pt\/site\/#organization\"},\"potentialAction\":[{\"@type\":\"SearchAction\",\"target\":{\"@type\":\"EntryPoint\",\"urlTemplate\":\"http:\/\/apmairsoft.pt\/site\/?s={search_term_string}\"},\"query-input\":{\"@type\":\"PropertyValueSpecification\",\"valueRequired\":true,\"valueName\":\"search_term_string\"}}],\"inLanguage\":\"pt-PT\"},{\"@type\":\"Organization\",\"@id\":\"http:\/\/apmairsoft.pt\/site\/#organization\",\"name\":\"APMA - Associa\u00e7\u00e3o Portuguesa de Milsim e Airsoft, APD\",\"url\":\"http:\/\/apmairsoft.pt\/site\/\",\"logo\":{\"@type\":\"ImageObject\",\"inLanguage\":\"pt-PT\",\"@id\":\"http:\/\/apmairsoft.pt\/site\/#\/schema\/logo\/image\/\",\"url\":\"http:\/\/apmairsoft.pt\/site\/wp-content\/uploads\/2019\/11\/APMA_preto-280x135.jpg\",\"contentUrl\":\"http:\/\/apmairsoft.pt\/site\/wp-content\/uploads\/2019\/11\/APMA_preto-280x135.jpg\",\"width\":280,\"height\":135,\"caption\":\"APMA - Associa\u00e7\u00e3o Portuguesa de Milsim e Airsoft, APD\"},\"image\":{\"@id\":\"http:\/\/apmairsoft.pt\/site\/#\/schema\/logo\/image\/\"},\"sameAs\":[\"https:\/\/www.facebook.com\/APMA.APD\",\"https:\/\/x.com\/APMA_APD\"]}]}<\/script>\n<!-- \/ Yoast SEO plugin. -->","yoast_head_json":{"title":"R.S.R - Regras de Seguran\u00e7a de Recintos - Associa\u00e7\u00e3o Portuguesa de Milsim e Airsoft, APD","robots":{"index":"index","follow":"follow","max-snippet":"max-snippet:-1","max-image-preview":"max-image-preview:large","max-video-preview":"max-video-preview:-1"},"canonical":"https:\/\/apmairsoft.pt\/site\/r-s-r-regras-de-seguranca-de-recintos\/","og_locale":"pt_PT","og_type":"article","og_title":"R.S.R - Regras de Seguran\u00e7a de Recintos - Associa\u00e7\u00e3o Portuguesa de Milsim e Airsoft, APD","og_description":"Introdu\u00e7\u00e3o &nbsp; As Regras de seguran\u00e7a neste documento descritas, s\u00e3o regras de seguran\u00e7a a implementar por todas as entidades organizadoras de eventos destas modalidades e a adoptar por todos os associados da APMA, APD e por todos os praticantes de Airsoft e Milsim em geral. \u00a0 A implementa\u00e7\u00e3o destas regras, reduzir\u00e1 consideravelmente o risco de [&hellip;]","og_url":"https:\/\/apmairsoft.pt\/site\/r-s-r-regras-de-seguranca-de-recintos\/","og_site_name":"Associa\u00e7\u00e3o Portuguesa de Milsim e Airsoft, APD","article_publisher":"https:\/\/www.facebook.com\/APMA.APD","article_modified_time":"2014-01-29T17:25:53+00:00","twitter_misc":{"Tempo estimado de leitura":"9 minutos"},"schema":{"@context":"https:\/\/schema.org","@graph":[{"@type":"WebPage","@id":"https:\/\/apmairsoft.pt\/site\/r-s-r-regras-de-seguranca-de-recintos\/","url":"https:\/\/apmairsoft.pt\/site\/r-s-r-regras-de-seguranca-de-recintos\/","name":"R.S.R - Regras de Seguran\u00e7a de Recintos - Associa\u00e7\u00e3o Portuguesa de Milsim e Airsoft, APD","isPartOf":{"@id":"http:\/\/apmairsoft.pt\/site\/#website"},"datePublished":"2014-01-29T17:25:17+00:00","dateModified":"2014-01-29T17:25:53+00:00","inLanguage":"pt-PT","potentialAction":[{"@type":"ReadAction","target":["https:\/\/apmairsoft.pt\/site\/r-s-r-regras-de-seguranca-de-recintos\/"]}]},{"@type":"WebSite","@id":"http:\/\/apmairsoft.pt\/site\/#website","url":"http:\/\/apmairsoft.pt\/site\/","name":"Associa\u00e7\u00e3o Portuguesa de Milsim e Airsoft, APD","description":"APMA \u00e9 uma Associa\u00e7\u00e3o Promotora de Desporto, est\u00e1 Registada no Instituto Portugu\u00eas do Desporto e da Juventude e na Direc\u00e7\u00e3o Nacional da Policia de Seguran\u00e7a P\u00fablica. \u00c9 portanto uma Entidade legal Para-federativa de caracter Nacional","publisher":{"@id":"http:\/\/apmairsoft.pt\/site\/#organization"},"potentialAction":[{"@type":"SearchAction","target":{"@type":"EntryPoint","urlTemplate":"http:\/\/apmairsoft.pt\/site\/?s={search_term_string}"},"query-input":{"@type":"PropertyValueSpecification","valueRequired":true,"valueName":"search_term_string"}}],"inLanguage":"pt-PT"},{"@type":"Organization","@id":"http:\/\/apmairsoft.pt\/site\/#organization","name":"APMA - Associa\u00e7\u00e3o Portuguesa de Milsim e Airsoft, APD","url":"http:\/\/apmairsoft.pt\/site\/","logo":{"@type":"ImageObject","inLanguage":"pt-PT","@id":"http:\/\/apmairsoft.pt\/site\/#\/schema\/logo\/image\/","url":"http:\/\/apmairsoft.pt\/site\/wp-content\/uploads\/2019\/11\/APMA_preto-280x135.jpg","contentUrl":"http:\/\/apmairsoft.pt\/site\/wp-content\/uploads\/2019\/11\/APMA_preto-280x135.jpg","width":280,"height":135,"caption":"APMA - Associa\u00e7\u00e3o Portuguesa de Milsim e Airsoft, APD"},"image":{"@id":"http:\/\/apmairsoft.pt\/site\/#\/schema\/logo\/image\/"},"sameAs":["https:\/\/www.facebook.com\/APMA.APD","https:\/\/x.com\/APMA_APD"]}]}},"_links":{"self":[{"href":"http:\/\/apmairsoft.pt\/site\/wp-json\/wp\/v2\/pages\/115","targetHints":{"allow":["GET"]}}],"collection":[{"href":"http:\/\/apmairsoft.pt\/site\/wp-json\/wp\/v2\/pages"}],"about":[{"href":"http:\/\/apmairsoft.pt\/site\/wp-json\/wp\/v2\/types\/page"}],"author":[{"embeddable":true,"href":"http:\/\/apmairsoft.pt\/site\/wp-json\/wp\/v2\/users\/1"}],"replies":[{"embeddable":true,"href":"http:\/\/apmairsoft.pt\/site\/wp-json\/wp\/v2\/comments?post=115"}],"version-history":[{"count":2,"href":"http:\/\/apmairsoft.pt\/site\/wp-json\/wp\/v2\/pages\/115\/revisions"}],"predecessor-version":[{"id":117,"href":"http:\/\/apmairsoft.pt\/site\/wp-json\/wp\/v2\/pages\/115\/revisions\/117"}],"wp:attachment":[{"href":"http:\/\/apmairsoft.pt\/site\/wp-json\/wp\/v2\/media?parent=115"}],"curies":[{"name":"wp","href":"https:\/\/api.w.org\/{rel}","templated":true}]}}