{"id":435,"date":"2014-10-14T11:26:18","date_gmt":"2014-10-14T11:26:18","guid":{"rendered":"http:\/\/apmairsoft.pt\/site\/?page_id=435"},"modified":"2014-10-14T12:04:53","modified_gmt":"2014-10-14T12:04:53","slug":"login-conta-de-socio","status":"publish","type":"page","link":"http:\/\/apmairsoft.pt\/site\/login-conta-de-socio\/","title":{"rendered":"LOGIN &#8211; Conta de S\u00f3cio"},"content":{"rendered":"<form action=\"http:\/\/www.associapro.com\/entrada.aspx\" method=\"post\">\n<p style=\"text-align: center;\">\u00a0Ao fazer LOGIN e aceder \u00e0 sua zona reservada de s\u00f3cio poder\u00e1 entre outras:<\/p>\n<p style=\"text-align: center;\">Actualizar os seus dados, consultar a sua situa\u00e7\u00e3o de s\u00f3cio, imprimir recibos, requisitar equipamentos, inscrever-se em provas ou forma\u00e7\u00f5es e outras funcionalidades que o nosso sistema online permite.<\/p>\n<p style=\"text-align: center;\">Utilizador<br \/>\n<!--webbot bot=\"Validation\" S-Display-Name=\"Nome do utilizador\" B-Value-Required=\"TRUE\" I-Minimum-Length=\"1\" I-Maximum-Length=\"20\" --><input id=\"txUser\" maxlength=\"20\" name=\"txUser\" size=\"20\" type=\"text\" \/><\/p>\n<p style=\"text-align: center;\">Palavra-chave<br \/>\n<!--webbot bot=\"Validation\" S-Display-Name=\"Palavra chave\" B-Value-Required=\"TRUE\" I-Minimum-Length=\"1\" I-Maximum-Length=\"10\" --><input id=\"txPass\" maxlength=\"10\" name=\"txPass\" size=\"15\" type=\"password\" \/><\/p>\n<p style=\"text-align: center;\"><input id=\"Reset\" type=\"reset\" value=\"Limpar\" \/> <input id=\"Submit\" type=\"submit\" value=\"Entrar\" \/><\/p>\n<p style=\"text-align: center;\"><a href=\"http:\/\/apmairsoft.pt\/site\/login-recuperar-password\/\" target=\"_blank\">Recuperar Password<\/a><\/p>\n<p style=\"text-align: left;\"><strong>ATEN\u00c7\u00c3O:<\/strong> Altera\u00e7\u00f5es de imagens (fotos ou logos de equipas ou clubes) t\u00eam obrigatoriamente que ser enviadas para o email inscricoes.apma.apd@gmail.com sob pena de n\u00e3o sa\u00edrem actualizadas nos cart\u00f5es de s\u00f3cio. <strong>N\u00e3o basta actualizar na ficha.<\/strong><\/p>\n<\/form>\n","protected":false},"excerpt":{"rendered":"<p>\u00a0Ao fazer LOGIN e aceder \u00e0 sua zona reservada de s\u00f3cio poder\u00e1 entre outras: Actualizar os seus dados, consultar a sua situa\u00e7\u00e3o de s\u00f3cio, imprimir recibos, requisitar equipamentos, inscrever-se em provas ou forma\u00e7\u00f5es e outras funcionalidades que o nosso sistema online permite. Utilizador Palavra-chave Recuperar Password ATEN\u00c7\u00c3O: Altera\u00e7\u00f5es de imagens (fotos ou logos de equipas [&hellip;]<\/p>\n","protected":false},"author":1,"featured_media":0,"parent":0,"menu_order":0,"comment_status":"closed","ping_status":"open","template":"","meta":{"footnotes":""},"class_list":["post-435","page","type-page","status-publish","czr-hentry"],"yoast_head":"<!-- This site is optimized with the Yoast SEO plugin v27.2 - https:\/\/yoast.com\/product\/yoast-seo-wordpress\/ -->\n<title>LOGIN<\/title>\n<meta name=\"description\" content=\"LOGIN\" \/>\n<meta name=\"robots\" content=\"index, follow, max-snippet:-1, max-image-preview:large, max-video-preview:-1\" \/>\n<link rel=\"canonical\" href=\"http:\/\/apmairsoft.pt\/site\/login-conta-de-socio\/\" \/>\n<meta property=\"og:locale\" content=\"pt_PT\" \/>\n<meta property=\"og:type\" content=\"article\" \/>\n<meta property=\"og:title\" content=\"LOGIN\" \/>\n<meta property=\"og:description\" content=\"LOGIN\" \/>\n<meta property=\"og:url\" content=\"http:\/\/apmairsoft.pt\/site\/login-conta-de-socio\/\" \/>\n<meta property=\"og:site_name\" content=\"Associa\u00e7\u00e3o Portuguesa de Milsim e Airsoft, APD\" \/>\n<meta property=\"article:publisher\" content=\"https:\/\/www.facebook.com\/APMA.APD\" \/>\n<meta property=\"article:modified_time\" content=\"2014-10-14T12:04:53+00:00\" \/>\n<script type=\"application\/ld+json\" class=\"yoast-schema-graph\">{\"@context\":\"https:\/\/schema.org\",\"@graph\":[{\"@type\":\"WebPage\",\"@id\":\"http:\/\/apmairsoft.pt\/site\/login-conta-de-socio\/\",\"url\":\"http:\/\/apmairsoft.pt\/site\/login-conta-de-socio\/\",\"name\":\"LOGIN\",\"isPartOf\":{\"@id\":\"http:\/\/apmairsoft.pt\/site\/#website\"},\"datePublished\":\"2014-10-14T11:26:18+00:00\",\"dateModified\":\"2014-10-14T12:04:53+00:00\",\"description\":\"LOGIN\",\"inLanguage\":\"pt-PT\",\"potentialAction\":[{\"@type\":\"ReadAction\",\"target\":[\"http:\/\/apmairsoft.pt\/site\/login-conta-de-socio\/\"]}]},{\"@type\":\"WebSite\",\"@id\":\"http:\/\/apmairsoft.pt\/site\/#website\",\"url\":\"http:\/\/apmairsoft.pt\/site\/\",\"name\":\"Associa\u00e7\u00e3o Portuguesa de Milsim e Airsoft, APD\",\"description\":\"APMA \u00e9 uma Associa\u00e7\u00e3o Promotora de Desporto, est\u00e1 Registada no Instituto Portugu\u00eas do Desporto e da Juventude e na Direc\u00e7\u00e3o Nacional da Policia de Seguran\u00e7a P\u00fablica. \u00c9 portanto uma Entidade legal Para-federativa de caracter Nacional\",\"publisher\":{\"@id\":\"http:\/\/apmairsoft.pt\/site\/#organization\"},\"potentialAction\":[{\"@type\":\"SearchAction\",\"target\":{\"@type\":\"EntryPoint\",\"urlTemplate\":\"http:\/\/apmairsoft.pt\/site\/?s={search_term_string}\"},\"query-input\":{\"@type\":\"PropertyValueSpecification\",\"valueRequired\":true,\"valueName\":\"search_term_string\"}}],\"inLanguage\":\"pt-PT\"},{\"@type\":\"Organization\",\"@id\":\"http:\/\/apmairsoft.pt\/site\/#organization\",\"name\":\"APMA - Associa\u00e7\u00e3o Portuguesa de Milsim e Airsoft, APD\",\"url\":\"http:\/\/apmairsoft.pt\/site\/\",\"logo\":{\"@type\":\"ImageObject\",\"inLanguage\":\"pt-PT\",\"@id\":\"http:\/\/apmairsoft.pt\/site\/#\/schema\/logo\/image\/\",\"url\":\"http:\/\/apmairsoft.pt\/site\/wp-content\/uploads\/2019\/11\/APMA_preto-280x135.jpg\",\"contentUrl\":\"http:\/\/apmairsoft.pt\/site\/wp-content\/uploads\/2019\/11\/APMA_preto-280x135.jpg\",\"width\":280,\"height\":135,\"caption\":\"APMA - Associa\u00e7\u00e3o Portuguesa de Milsim e Airsoft, APD\"},\"image\":{\"@id\":\"http:\/\/apmairsoft.pt\/site\/#\/schema\/logo\/image\/\"},\"sameAs\":[\"https:\/\/www.facebook.com\/APMA.APD\",\"https:\/\/x.com\/APMA_APD\"]}]}<\/script>\n<!-- \/ Yoast SEO plugin. -->","yoast_head_json":{"title":"LOGIN","description":"LOGIN","robots":{"index":"index","follow":"follow","max-snippet":"max-snippet:-1","max-image-preview":"max-image-preview:large","max-video-preview":"max-video-preview:-1"},"canonical":"http:\/\/apmairsoft.pt\/site\/login-conta-de-socio\/","og_locale":"pt_PT","og_type":"article","og_title":"LOGIN","og_description":"LOGIN","og_url":"http:\/\/apmairsoft.pt\/site\/login-conta-de-socio\/","og_site_name":"Associa\u00e7\u00e3o Portuguesa de Milsim e Airsoft, APD","article_publisher":"https:\/\/www.facebook.com\/APMA.APD","article_modified_time":"2014-10-14T12:04:53+00:00","schema":{"@context":"https:\/\/schema.org","@graph":[{"@type":"WebPage","@id":"http:\/\/apmairsoft.pt\/site\/login-conta-de-socio\/","url":"http:\/\/apmairsoft.pt\/site\/login-conta-de-socio\/","name":"LOGIN","isPartOf":{"@id":"http:\/\/apmairsoft.pt\/site\/#website"},"datePublished":"2014-10-14T11:26:18+00:00","dateModified":"2014-10-14T12:04:53+00:00","description":"LOGIN","inLanguage":"pt-PT","potentialAction":[{"@type":"ReadAction","target":["http:\/\/apmairsoft.pt\/site\/login-conta-de-socio\/"]}]},{"@type":"WebSite","@id":"http:\/\/apmairsoft.pt\/site\/#website","url":"http:\/\/apmairsoft.pt\/site\/","name":"Associa\u00e7\u00e3o Portuguesa de Milsim e Airsoft, APD","description":"APMA \u00e9 uma Associa\u00e7\u00e3o Promotora de Desporto, est\u00e1 Registada no Instituto Portugu\u00eas do Desporto e da Juventude e na Direc\u00e7\u00e3o Nacional da Policia de Seguran\u00e7a P\u00fablica. \u00c9 portanto uma Entidade legal Para-federativa de caracter Nacional","publisher":{"@id":"http:\/\/apmairsoft.pt\/site\/#organization"},"potentialAction":[{"@type":"SearchAction","target":{"@type":"EntryPoint","urlTemplate":"http:\/\/apmairsoft.pt\/site\/?s={search_term_string}"},"query-input":{"@type":"PropertyValueSpecification","valueRequired":true,"valueName":"search_term_string"}}],"inLanguage":"pt-PT"},{"@type":"Organization","@id":"http:\/\/apmairsoft.pt\/site\/#organization","name":"APMA - Associa\u00e7\u00e3o Portuguesa de Milsim e Airsoft, APD","url":"http:\/\/apmairsoft.pt\/site\/","logo":{"@type":"ImageObject","inLanguage":"pt-PT","@id":"http:\/\/apmairsoft.pt\/site\/#\/schema\/logo\/image\/","url":"http:\/\/apmairsoft.pt\/site\/wp-content\/uploads\/2019\/11\/APMA_preto-280x135.jpg","contentUrl":"http:\/\/apmairsoft.pt\/site\/wp-content\/uploads\/2019\/11\/APMA_preto-280x135.jpg","width":280,"height":135,"caption":"APMA - Associa\u00e7\u00e3o Portuguesa de Milsim e Airsoft, APD"},"image":{"@id":"http:\/\/apmairsoft.pt\/site\/#\/schema\/logo\/image\/"},"sameAs":["https:\/\/www.facebook.com\/APMA.APD","https:\/\/x.com\/APMA_APD"]}]}},"_links":{"self":[{"href":"http:\/\/apmairsoft.pt\/site\/wp-json\/wp\/v2\/pages\/435","targetHints":{"allow":["GET"]}}],"collection":[{"href":"http:\/\/apmairsoft.pt\/site\/wp-json\/wp\/v2\/pages"}],"about":[{"href":"http:\/\/apmairsoft.pt\/site\/wp-json\/wp\/v2\/types\/page"}],"author":[{"embeddable":true,"href":"http:\/\/apmairsoft.pt\/site\/wp-json\/wp\/v2\/users\/1"}],"replies":[{"embeddable":true,"href":"http:\/\/apmairsoft.pt\/site\/wp-json\/wp\/v2\/comments?post=435"}],"version-history":[{"count":14,"href":"http:\/\/apmairsoft.pt\/site\/wp-json\/wp\/v2\/pages\/435\/revisions"}],"predecessor-version":[{"id":454,"href":"http:\/\/apmairsoft.pt\/site\/wp-json\/wp\/v2\/pages\/435\/revisions\/454"}],"wp:attachment":[{"href":"http:\/\/apmairsoft.pt\/site\/wp-json\/wp\/v2\/media?parent=435"}],"curies":[{"name":"wp","href":"https:\/\/api.w.org\/{rel}","templated":true}]}}