{"id":456,"date":"2014-10-15T14:49:03","date_gmt":"2014-10-15T14:49:03","guid":{"rendered":"http:\/\/apmairsoft.pt\/site\/?page_id=456"},"modified":"2014-10-15T15:45:37","modified_gmt":"2014-10-15T15:45:37","slug":"duvidas-de-airsoft","status":"publish","type":"page","link":"http:\/\/apmairsoft.pt\/site\/duvidas-de-airsoft\/","title":{"rendered":"Media\u00e7\u00e3o de D\u00favidas"},"content":{"rendered":"<p>Caros praticantes,<br \/>\nA APMA, APD atrav\u00e9s deste formul\u00e1rio ir\u00e1 tentar dentro dos poss\u00edveis servir de intermedi\u00e1rio e levar as vossas D\u00favidas\u00a0a quem de direito.<\/p>\n<p>\u00c9 mais um servi\u00e7o que pretendemos prestar a todos v\u00f3s para que possamos todos juntos continuar a ajudar a nossa modalidade.<\/p>\n<p>S\u00f3 serve para este prop\u00f3sito e qualquer outra quest\u00e3o fora deste \u00e2mbito n\u00e3o ser\u00e1 tratada, nomeadamente quest\u00f5es \u00e0 pr\u00f3pria APMA. Para isso usem os canais correctos que podem ver na p\u00e1gina dos contactos.<\/p>\n<p><iframe loading=\"lazy\" id=\"JotFormIFrame\" style=\"width: 100%; height: 1611px; border: none;\" src=\"https:\/\/secure.jotformpro.com\/form\/42873711354961\" width=\"300\" height=\"150\" frameborder=\"0\" scrolling=\"no\"><\/iframe><\/p>\n<p>D\u00favidas de Airsoft<br \/>\n<script type=\"text\/javascript\">\/\/ <![CDATA[\nwindow.handleIFrameMessage = function(e) {var args = e.data.split(\":\");var iframe = document.getElementById(\"JotFormIFrame\");if (!iframe)return;switch (args[0]) {case \"scrollIntoView\":iframe.scrollIntoView();break;case \"setHeight\":iframe.style.height = args[1] + \"px\";break;}};if (window.addEventListener) {window.addEventListener(\"message\", handleIFrameMessage, false);} else if (window.attachEvent) {window.attachEvent(\"onmessage\", handleIFrameMessage);}\n\/\/ ]]><\/script><\/p>\n","protected":false},"excerpt":{"rendered":"<p>Caros praticantes, A APMA, APD atrav\u00e9s deste formul\u00e1rio ir\u00e1 tentar dentro dos poss\u00edveis servir de intermedi\u00e1rio e levar as vossas D\u00favidas\u00a0a quem de direito. \u00c9 mais um servi\u00e7o que pretendemos prestar a todos v\u00f3s para que possamos todos juntos continuar a ajudar a nossa modalidade. S\u00f3 serve para este prop\u00f3sito e qualquer outra quest\u00e3o fora [&hellip;]<\/p>\n","protected":false},"author":1,"featured_media":0,"parent":0,"menu_order":0,"comment_status":"closed","ping_status":"open","template":"","meta":{"footnotes":""},"class_list":["post-456","page","type-page","status-publish","czr-hentry"],"yoast_head":"<!-- This site is optimized with the Yoast SEO plugin v27.2 - https:\/\/yoast.com\/product\/yoast-seo-wordpress\/ -->\n<title>D\u00favidas de Airsoft<\/title>\n<meta name=\"description\" content=\"D\u00favidas de Airsoft\" \/>\n<meta name=\"robots\" content=\"index, follow, max-snippet:-1, max-image-preview:large, max-video-preview:-1\" \/>\n<link rel=\"canonical\" href=\"http:\/\/apmairsoft.pt\/site\/duvidas-de-airsoft\/\" \/>\n<meta property=\"og:locale\" content=\"pt_PT\" \/>\n<meta property=\"og:type\" content=\"article\" \/>\n<meta property=\"og:title\" content=\"D\u00favidas de Airsoft\" \/>\n<meta property=\"og:description\" content=\"D\u00favidas de Airsoft\" \/>\n<meta property=\"og:url\" content=\"http:\/\/apmairsoft.pt\/site\/duvidas-de-airsoft\/\" \/>\n<meta property=\"og:site_name\" content=\"Associa\u00e7\u00e3o Portuguesa de Milsim e Airsoft, APD\" \/>\n<meta property=\"article:publisher\" content=\"https:\/\/www.facebook.com\/APMA.APD\" \/>\n<meta property=\"article:modified_time\" content=\"2014-10-15T15:45:37+00:00\" \/>\n<script type=\"application\/ld+json\" class=\"yoast-schema-graph\">{\"@context\":\"https:\/\/schema.org\",\"@graph\":[{\"@type\":\"WebPage\",\"@id\":\"http:\/\/apmairsoft.pt\/site\/duvidas-de-airsoft\/\",\"url\":\"http:\/\/apmairsoft.pt\/site\/duvidas-de-airsoft\/\",\"name\":\"D\u00favidas de Airsoft\",\"isPartOf\":{\"@id\":\"https:\/\/apmairsoft.pt\/site\/#website\"},\"datePublished\":\"2014-10-15T14:49:03+00:00\",\"dateModified\":\"2014-10-15T15:45:37+00:00\",\"description\":\"D\u00favidas de Airsoft\",\"inLanguage\":\"pt-PT\",\"potentialAction\":[{\"@type\":\"ReadAction\",\"target\":[\"http:\/\/apmairsoft.pt\/site\/duvidas-de-airsoft\/\"]}]},{\"@type\":\"WebSite\",\"@id\":\"https:\/\/apmairsoft.pt\/site\/#website\",\"url\":\"https:\/\/apmairsoft.pt\/site\/\",\"name\":\"Associa\u00e7\u00e3o Portuguesa de Milsim e Airsoft, APD\",\"description\":\"APMA \u00e9 uma Associa\u00e7\u00e3o Promotora de Desporto, est\u00e1 Registada no Instituto Portugu\u00eas do Desporto e da Juventude e na Direc\u00e7\u00e3o Nacional da Policia de Seguran\u00e7a P\u00fablica. \u00c9 portanto uma Entidade legal Para-federativa de caracter Nacional\",\"publisher\":{\"@id\":\"https:\/\/apmairsoft.pt\/site\/#organization\"},\"potentialAction\":[{\"@type\":\"SearchAction\",\"target\":{\"@type\":\"EntryPoint\",\"urlTemplate\":\"https:\/\/apmairsoft.pt\/site\/?s={search_term_string}\"},\"query-input\":{\"@type\":\"PropertyValueSpecification\",\"valueRequired\":true,\"valueName\":\"search_term_string\"}}],\"inLanguage\":\"pt-PT\"},{\"@type\":\"Organization\",\"@id\":\"https:\/\/apmairsoft.pt\/site\/#organization\",\"name\":\"APMA - Associa\u00e7\u00e3o Portuguesa de Milsim e Airsoft, APD\",\"url\":\"https:\/\/apmairsoft.pt\/site\/\",\"logo\":{\"@type\":\"ImageObject\",\"inLanguage\":\"pt-PT\",\"@id\":\"https:\/\/apmairsoft.pt\/site\/#\/schema\/logo\/image\/\",\"url\":\"http:\/\/apmairsoft.pt\/site\/wp-content\/uploads\/2019\/11\/APMA_preto-280x135.jpg\",\"contentUrl\":\"http:\/\/apmairsoft.pt\/site\/wp-content\/uploads\/2019\/11\/APMA_preto-280x135.jpg\",\"width\":280,\"height\":135,\"caption\":\"APMA - Associa\u00e7\u00e3o Portuguesa de Milsim e Airsoft, APD\"},\"image\":{\"@id\":\"https:\/\/apmairsoft.pt\/site\/#\/schema\/logo\/image\/\"},\"sameAs\":[\"https:\/\/www.facebook.com\/APMA.APD\",\"https:\/\/x.com\/APMA_APD\"]}]}<\/script>\n<!-- \/ Yoast SEO plugin. -->","yoast_head_json":{"title":"D\u00favidas de Airsoft","description":"D\u00favidas de Airsoft","robots":{"index":"index","follow":"follow","max-snippet":"max-snippet:-1","max-image-preview":"max-image-preview:large","max-video-preview":"max-video-preview:-1"},"canonical":"http:\/\/apmairsoft.pt\/site\/duvidas-de-airsoft\/","og_locale":"pt_PT","og_type":"article","og_title":"D\u00favidas de Airsoft","og_description":"D\u00favidas de Airsoft","og_url":"http:\/\/apmairsoft.pt\/site\/duvidas-de-airsoft\/","og_site_name":"Associa\u00e7\u00e3o Portuguesa de Milsim e Airsoft, APD","article_publisher":"https:\/\/www.facebook.com\/APMA.APD","article_modified_time":"2014-10-15T15:45:37+00:00","schema":{"@context":"https:\/\/schema.org","@graph":[{"@type":"WebPage","@id":"http:\/\/apmairsoft.pt\/site\/duvidas-de-airsoft\/","url":"http:\/\/apmairsoft.pt\/site\/duvidas-de-airsoft\/","name":"D\u00favidas de Airsoft","isPartOf":{"@id":"https:\/\/apmairsoft.pt\/site\/#website"},"datePublished":"2014-10-15T14:49:03+00:00","dateModified":"2014-10-15T15:45:37+00:00","description":"D\u00favidas de Airsoft","inLanguage":"pt-PT","potentialAction":[{"@type":"ReadAction","target":["http:\/\/apmairsoft.pt\/site\/duvidas-de-airsoft\/"]}]},{"@type":"WebSite","@id":"https:\/\/apmairsoft.pt\/site\/#website","url":"https:\/\/apmairsoft.pt\/site\/","name":"Associa\u00e7\u00e3o Portuguesa de Milsim e Airsoft, APD","description":"APMA \u00e9 uma Associa\u00e7\u00e3o Promotora de Desporto, est\u00e1 Registada no Instituto Portugu\u00eas do Desporto e da Juventude e na Direc\u00e7\u00e3o Nacional da Policia de Seguran\u00e7a P\u00fablica. \u00c9 portanto uma Entidade legal Para-federativa de caracter Nacional","publisher":{"@id":"https:\/\/apmairsoft.pt\/site\/#organization"},"potentialAction":[{"@type":"SearchAction","target":{"@type":"EntryPoint","urlTemplate":"https:\/\/apmairsoft.pt\/site\/?s={search_term_string}"},"query-input":{"@type":"PropertyValueSpecification","valueRequired":true,"valueName":"search_term_string"}}],"inLanguage":"pt-PT"},{"@type":"Organization","@id":"https:\/\/apmairsoft.pt\/site\/#organization","name":"APMA - Associa\u00e7\u00e3o Portuguesa de Milsim e Airsoft, APD","url":"https:\/\/apmairsoft.pt\/site\/","logo":{"@type":"ImageObject","inLanguage":"pt-PT","@id":"https:\/\/apmairsoft.pt\/site\/#\/schema\/logo\/image\/","url":"http:\/\/apmairsoft.pt\/site\/wp-content\/uploads\/2019\/11\/APMA_preto-280x135.jpg","contentUrl":"http:\/\/apmairsoft.pt\/site\/wp-content\/uploads\/2019\/11\/APMA_preto-280x135.jpg","width":280,"height":135,"caption":"APMA - Associa\u00e7\u00e3o Portuguesa de Milsim e Airsoft, APD"},"image":{"@id":"https:\/\/apmairsoft.pt\/site\/#\/schema\/logo\/image\/"},"sameAs":["https:\/\/www.facebook.com\/APMA.APD","https:\/\/x.com\/APMA_APD"]}]}},"_links":{"self":[{"href":"http:\/\/apmairsoft.pt\/site\/wp-json\/wp\/v2\/pages\/456","targetHints":{"allow":["GET"]}}],"collection":[{"href":"http:\/\/apmairsoft.pt\/site\/wp-json\/wp\/v2\/pages"}],"about":[{"href":"http:\/\/apmairsoft.pt\/site\/wp-json\/wp\/v2\/types\/page"}],"author":[{"embeddable":true,"href":"http:\/\/apmairsoft.pt\/site\/wp-json\/wp\/v2\/users\/1"}],"replies":[{"embeddable":true,"href":"http:\/\/apmairsoft.pt\/site\/wp-json\/wp\/v2\/comments?post=456"}],"version-history":[{"count":5,"href":"http:\/\/apmairsoft.pt\/site\/wp-json\/wp\/v2\/pages\/456\/revisions"}],"predecessor-version":[{"id":463,"href":"http:\/\/apmairsoft.pt\/site\/wp-json\/wp\/v2\/pages\/456\/revisions\/463"}],"wp:attachment":[{"href":"http:\/\/apmairsoft.pt\/site\/wp-json\/wp\/v2\/media?parent=456"}],"curies":[{"name":"wp","href":"https:\/\/api.w.org\/{rel}","templated":true}]}}