{"id":490,"date":"2015-05-13T10:40:27","date_gmt":"2015-05-13T10:40:27","guid":{"rendered":"http:\/\/apmairsoft.pt\/site\/?page_id=490"},"modified":"2020-04-21T20:48:31","modified_gmt":"2020-04-21T20:48:31","slug":"cartao-de-socio-virtual","status":"publish","type":"page","link":"http:\/\/apmairsoft.pt\/site\/cartao-de-socio-virtual\/","title":{"rendered":"Cart\u00e3o de S\u00f3cio Virtual"},"content":{"rendered":"<p>Caros associados,<\/p>\n<p>Com este novo cart\u00e3o de s\u00f3cio virtual, fica mais f\u00e1cil fazer prova perante as autoridades competentes a vossa condi\u00e7\u00e3o de s\u00f3cio da nossa associa\u00e7\u00e3o.<\/p>\n<p>N\u00e3o fiques de fora de mais nenhum evento porque esqueceste o teu cart\u00e3o f\u00edsico, este cart\u00e3o \u00e9 t\u00e3o fi\u00e1vel e legal, pois est\u00e1 ligado directamente \u00e0 tua ficha de s\u00f3cio na nossa base de dados.<\/p>\n<p>Al\u00e9m da validade do cart\u00e3o de s\u00f3cio, V\u00c1LIDO ou EXPIRADO, podes tamb\u00e9m consultar as quotas pagas e respectivos recibos.<\/p>\n<p>Podes tamb\u00e9m consultar a subscri\u00e7\u00e3o e validade do nosso seguro de acidentes pessoais no separador &#8220;Recibos&#8221;.<\/p>\n<p>Com esta nova e inovadora modalidade, acreditamos que ter\u00e1s o teu cart\u00e3o sempre actualizado com uma margem de demora no m\u00e1ximo de 24 horas.<\/p>\n<p>J\u00e1 disponivel para Android: <a href=\"https:\/\/play.google.com\/store\/apps\/details?id=com.agilee.associapro\">https:\/\/play.google.com\/store\/apps\/details?id=com.agilee.associapro<\/a><\/p>\n<p>E para iOS 7:\u00a0<a href=\"https:\/\/apps.apple.com\/pt\/app\/cartao-socio\/id989240119\">https:\/\/apps.apple.com\/pt\/app\/cartao-socio\/id989240119<\/a><\/p>\n<p><a href=\"http:\/\/apmairsoft.pt\/site\/wp-content\/uploads\/2015\/05\/Screenshot_2015-05-12-23-20-58.png\" data-rel=\"lightbox-image-0\" data-rl_title=\"\" data-rl_caption=\"\" title=\"\"><img loading=\"lazy\" decoding=\"async\" class=\"alignnone wp-image-491 alignleft\" src=\"http:\/\/apmairsoft.pt\/site\/wp-content\/uploads\/2015\/05\/Screenshot_2015-05-12-23-20-58-576x1024.png\" alt=\"\" width=\"154\" height=\"274\" srcset=\"http:\/\/apmairsoft.pt\/site\/wp-content\/uploads\/2015\/05\/Screenshot_2015-05-12-23-20-58-576x1024.png 576w, http:\/\/apmairsoft.pt\/site\/wp-content\/uploads\/2015\/05\/Screenshot_2015-05-12-23-20-58-169x300.png 169w, http:\/\/apmairsoft.pt\/site\/wp-content\/uploads\/2015\/05\/Screenshot_2015-05-12-23-20-58.png 720w\" sizes=\"auto, (max-width: 154px) 100vw, 154px\" \/><\/a> <a href=\"http:\/\/apmairsoft.pt\/site\/wp-content\/uploads\/2015\/05\/Screenshot_2015-05-13-10-04-17.png\" data-rel=\"lightbox-image-1\" data-rl_title=\"\" data-rl_caption=\"\" title=\"\"><img loading=\"lazy\" decoding=\"async\" class=\"  wp-image-492 alignleft\" src=\"http:\/\/apmairsoft.pt\/site\/wp-content\/uploads\/2015\/05\/Screenshot_2015-05-13-10-04-17-576x1024.png\" alt=\"Screenshot_2015-05-13-10-04-17\" width=\"154\" height=\"275\" \/><\/a><a href=\"http:\/\/apmairsoft.pt\/site\/wp-content\/uploads\/2015\/05\/Screenshot_2015-05-12-23-26-31.png\" data-rel=\"lightbox-image-2\" data-rl_title=\"\" data-rl_caption=\"\" title=\"\"><img loading=\"lazy\" decoding=\"async\" class=\"  wp-image-494 alignleft\" src=\"http:\/\/apmairsoft.pt\/site\/wp-content\/uploads\/2015\/05\/Screenshot_2015-05-12-23-26-31-576x1024.png\" alt=\"Screenshot_2015-05-12-23-26-31\" width=\"154\" height=\"274\" srcset=\"http:\/\/apmairsoft.pt\/site\/wp-content\/uploads\/2015\/05\/Screenshot_2015-05-12-23-26-31-576x1024.png 576w, http:\/\/apmairsoft.pt\/site\/wp-content\/uploads\/2015\/05\/Screenshot_2015-05-12-23-26-31-169x300.png 169w, http:\/\/apmairsoft.pt\/site\/wp-content\/uploads\/2015\/05\/Screenshot_2015-05-12-23-26-31.png 720w\" sizes=\"auto, (max-width: 154px) 100vw, 154px\" \/><\/a> <a href=\"http:\/\/apmairsoft.pt\/site\/wp-content\/uploads\/2015\/05\/Screenshot_2015-05-13-10-52-10.png\" data-rel=\"lightbox-image-3\" data-rl_title=\"\" data-rl_caption=\"\" title=\"\"><img loading=\"lazy\" decoding=\"async\" class=\"alignnone  wp-image-495 alignleft\" src=\"http:\/\/apmairsoft.pt\/site\/wp-content\/uploads\/2015\/05\/Screenshot_2015-05-13-10-52-10-576x1024.png\" alt=\"Screenshot_2015-05-13-10-52-10\" width=\"154\" height=\"275\" srcset=\"http:\/\/apmairsoft.pt\/site\/wp-content\/uploads\/2015\/05\/Screenshot_2015-05-13-10-52-10-576x1024.png 576w, http:\/\/apmairsoft.pt\/site\/wp-content\/uploads\/2015\/05\/Screenshot_2015-05-13-10-52-10.png 720w\" sizes=\"auto, (max-width: 154px) 100vw, 154px\" \/><\/a><\/p>\n<p>\u00a0<\/p>\n\n\n<p><\/p>\n","protected":false},"excerpt":{"rendered":"<p>Caros associados, Com este novo cart\u00e3o de s\u00f3cio virtual, fica mais f\u00e1cil fazer prova perante as autoridades competentes a vossa condi\u00e7\u00e3o de s\u00f3cio da nossa associa\u00e7\u00e3o. N\u00e3o fiques de fora de mais nenhum evento porque esqueceste o teu cart\u00e3o f\u00edsico, este cart\u00e3o \u00e9 t\u00e3o fi\u00e1vel e legal, pois est\u00e1 ligado directamente \u00e0 tua ficha de [&hellip;]<\/p>\n","protected":false},"author":1,"featured_media":492,"parent":0,"menu_order":0,"comment_status":"closed","ping_status":"open","template":"","meta":{"footnotes":""},"class_list":["post-490","page","type-page","status-publish","has-post-thumbnail","czr-hentry"],"yoast_head":"<!-- This site is optimized with the Yoast SEO plugin v27.2 - https:\/\/yoast.com\/product\/yoast-seo-wordpress\/ -->\n<title>Cart\u00e3o de S\u00f3cio Virtual - Associa\u00e7\u00e3o Portuguesa de Milsim e Airsoft, APD<\/title>\n<meta name=\"robots\" content=\"index, follow, max-snippet:-1, max-image-preview:large, max-video-preview:-1\" \/>\n<link rel=\"canonical\" href=\"https:\/\/apmairsoft.pt\/site\/cartao-de-socio-virtual\/\" \/>\n<meta property=\"og:locale\" content=\"pt_PT\" \/>\n<meta property=\"og:type\" content=\"article\" \/>\n<meta property=\"og:title\" content=\"Cart\u00e3o de S\u00f3cio Virtual - Associa\u00e7\u00e3o Portuguesa de Milsim e Airsoft, APD\" \/>\n<meta property=\"og:description\" content=\"Caros associados, Com este novo cart\u00e3o de s\u00f3cio virtual, fica mais f\u00e1cil fazer prova perante as autoridades competentes a vossa condi\u00e7\u00e3o de s\u00f3cio da nossa associa\u00e7\u00e3o. N\u00e3o fiques de fora de mais nenhum evento porque esqueceste o teu cart\u00e3o f\u00edsico, este cart\u00e3o \u00e9 t\u00e3o fi\u00e1vel e legal, pois est\u00e1 ligado directamente \u00e0 tua ficha de [&hellip;]\" \/>\n<meta property=\"og:url\" content=\"https:\/\/apmairsoft.pt\/site\/cartao-de-socio-virtual\/\" \/>\n<meta property=\"og:site_name\" content=\"Associa\u00e7\u00e3o Portuguesa de Milsim e Airsoft, APD\" \/>\n<meta property=\"article:publisher\" content=\"https:\/\/www.facebook.com\/APMA.APD\" \/>\n<meta property=\"article:modified_time\" content=\"2020-04-21T20:48:31+00:00\" \/>\n<meta property=\"og:image\" content=\"https:\/\/apmairsoft.pt\/site\/wp-content\/uploads\/2015\/05\/Screenshot_2015-05-13-10-04-17-e1431513460484.png\" \/>\n\t<meta property=\"og:image:width\" content=\"720\" \/>\n\t<meta property=\"og:image:height\" content=\"1280\" \/>\n\t<meta property=\"og:image:type\" content=\"image\/png\" \/>\n<meta name=\"twitter:label1\" content=\"Tempo estimado de leitura\" \/>\n\t<meta name=\"twitter:data1\" content=\"1 minuto\" \/>\n<script type=\"application\/ld+json\" class=\"yoast-schema-graph\">{\"@context\":\"https:\/\/schema.org\",\"@graph\":[{\"@type\":\"WebPage\",\"@id\":\"https:\/\/apmairsoft.pt\/site\/cartao-de-socio-virtual\/\",\"url\":\"https:\/\/apmairsoft.pt\/site\/cartao-de-socio-virtual\/\",\"name\":\"Cart\u00e3o de S\u00f3cio Virtual - Associa\u00e7\u00e3o Portuguesa de Milsim e Airsoft, APD\",\"isPartOf\":{\"@id\":\"https:\/\/apmairsoft.pt\/site\/#website\"},\"primaryImageOfPage\":{\"@id\":\"https:\/\/apmairsoft.pt\/site\/cartao-de-socio-virtual\/#primaryimage\"},\"image\":{\"@id\":\"https:\/\/apmairsoft.pt\/site\/cartao-de-socio-virtual\/#primaryimage\"},\"thumbnailUrl\":\"http:\/\/apmairsoft.pt\/site\/wp-content\/uploads\/2015\/05\/Screenshot_2015-05-13-10-04-17-e1431513460484.png\",\"datePublished\":\"2015-05-13T10:40:27+00:00\",\"dateModified\":\"2020-04-21T20:48:31+00:00\",\"inLanguage\":\"pt-PT\",\"potentialAction\":[{\"@type\":\"ReadAction\",\"target\":[\"https:\/\/apmairsoft.pt\/site\/cartao-de-socio-virtual\/\"]}]},{\"@type\":\"ImageObject\",\"inLanguage\":\"pt-PT\",\"@id\":\"https:\/\/apmairsoft.pt\/site\/cartao-de-socio-virtual\/#primaryimage\",\"url\":\"http:\/\/apmairsoft.pt\/site\/wp-content\/uploads\/2015\/05\/Screenshot_2015-05-13-10-04-17-e1431513460484.png\",\"contentUrl\":\"http:\/\/apmairsoft.pt\/site\/wp-content\/uploads\/2015\/05\/Screenshot_2015-05-13-10-04-17-e1431513460484.png\",\"width\":720,\"height\":1280},{\"@type\":\"WebSite\",\"@id\":\"https:\/\/apmairsoft.pt\/site\/#website\",\"url\":\"https:\/\/apmairsoft.pt\/site\/\",\"name\":\"Associa\u00e7\u00e3o Portuguesa de Milsim e Airsoft, APD\",\"description\":\"APMA \u00e9 uma Associa\u00e7\u00e3o Promotora de Desporto, est\u00e1 Registada no Instituto Portugu\u00eas do Desporto e da Juventude e na Direc\u00e7\u00e3o Nacional da Policia de Seguran\u00e7a P\u00fablica. \u00c9 portanto uma Entidade legal Para-federativa de caracter Nacional\",\"publisher\":{\"@id\":\"https:\/\/apmairsoft.pt\/site\/#organization\"},\"potentialAction\":[{\"@type\":\"SearchAction\",\"target\":{\"@type\":\"EntryPoint\",\"urlTemplate\":\"https:\/\/apmairsoft.pt\/site\/?s={search_term_string}\"},\"query-input\":{\"@type\":\"PropertyValueSpecification\",\"valueRequired\":true,\"valueName\":\"search_term_string\"}}],\"inLanguage\":\"pt-PT\"},{\"@type\":\"Organization\",\"@id\":\"https:\/\/apmairsoft.pt\/site\/#organization\",\"name\":\"APMA - Associa\u00e7\u00e3o Portuguesa de Milsim e Airsoft, APD\",\"url\":\"https:\/\/apmairsoft.pt\/site\/\",\"logo\":{\"@type\":\"ImageObject\",\"inLanguage\":\"pt-PT\",\"@id\":\"https:\/\/apmairsoft.pt\/site\/#\/schema\/logo\/image\/\",\"url\":\"http:\/\/apmairsoft.pt\/site\/wp-content\/uploads\/2019\/11\/APMA_preto-280x135.jpg\",\"contentUrl\":\"http:\/\/apmairsoft.pt\/site\/wp-content\/uploads\/2019\/11\/APMA_preto-280x135.jpg\",\"width\":280,\"height\":135,\"caption\":\"APMA - Associa\u00e7\u00e3o Portuguesa de Milsim e Airsoft, APD\"},\"image\":{\"@id\":\"https:\/\/apmairsoft.pt\/site\/#\/schema\/logo\/image\/\"},\"sameAs\":[\"https:\/\/www.facebook.com\/APMA.APD\",\"https:\/\/x.com\/APMA_APD\"]}]}<\/script>\n<!-- \/ Yoast SEO plugin. -->","yoast_head_json":{"title":"Cart\u00e3o de S\u00f3cio Virtual - Associa\u00e7\u00e3o Portuguesa de Milsim e Airsoft, APD","robots":{"index":"index","follow":"follow","max-snippet":"max-snippet:-1","max-image-preview":"max-image-preview:large","max-video-preview":"max-video-preview:-1"},"canonical":"https:\/\/apmairsoft.pt\/site\/cartao-de-socio-virtual\/","og_locale":"pt_PT","og_type":"article","og_title":"Cart\u00e3o de S\u00f3cio Virtual - Associa\u00e7\u00e3o Portuguesa de Milsim e Airsoft, APD","og_description":"Caros associados, Com este novo cart\u00e3o de s\u00f3cio virtual, fica mais f\u00e1cil fazer prova perante as autoridades competentes a vossa condi\u00e7\u00e3o de s\u00f3cio da nossa associa\u00e7\u00e3o. N\u00e3o fiques de fora de mais nenhum evento porque esqueceste o teu cart\u00e3o f\u00edsico, este cart\u00e3o \u00e9 t\u00e3o fi\u00e1vel e legal, pois est\u00e1 ligado directamente \u00e0 tua ficha de [&hellip;]","og_url":"https:\/\/apmairsoft.pt\/site\/cartao-de-socio-virtual\/","og_site_name":"Associa\u00e7\u00e3o Portuguesa de Milsim e Airsoft, APD","article_publisher":"https:\/\/www.facebook.com\/APMA.APD","article_modified_time":"2020-04-21T20:48:31+00:00","og_image":[{"width":720,"height":1280,"url":"https:\/\/apmairsoft.pt\/site\/wp-content\/uploads\/2015\/05\/Screenshot_2015-05-13-10-04-17-e1431513460484.png","type":"image\/png"}],"twitter_misc":{"Tempo estimado de leitura":"1 minuto"},"schema":{"@context":"https:\/\/schema.org","@graph":[{"@type":"WebPage","@id":"https:\/\/apmairsoft.pt\/site\/cartao-de-socio-virtual\/","url":"https:\/\/apmairsoft.pt\/site\/cartao-de-socio-virtual\/","name":"Cart\u00e3o de S\u00f3cio Virtual - Associa\u00e7\u00e3o Portuguesa de Milsim e Airsoft, APD","isPartOf":{"@id":"https:\/\/apmairsoft.pt\/site\/#website"},"primaryImageOfPage":{"@id":"https:\/\/apmairsoft.pt\/site\/cartao-de-socio-virtual\/#primaryimage"},"image":{"@id":"https:\/\/apmairsoft.pt\/site\/cartao-de-socio-virtual\/#primaryimage"},"thumbnailUrl":"http:\/\/apmairsoft.pt\/site\/wp-content\/uploads\/2015\/05\/Screenshot_2015-05-13-10-04-17-e1431513460484.png","datePublished":"2015-05-13T10:40:27+00:00","dateModified":"2020-04-21T20:48:31+00:00","inLanguage":"pt-PT","potentialAction":[{"@type":"ReadAction","target":["https:\/\/apmairsoft.pt\/site\/cartao-de-socio-virtual\/"]}]},{"@type":"ImageObject","inLanguage":"pt-PT","@id":"https:\/\/apmairsoft.pt\/site\/cartao-de-socio-virtual\/#primaryimage","url":"http:\/\/apmairsoft.pt\/site\/wp-content\/uploads\/2015\/05\/Screenshot_2015-05-13-10-04-17-e1431513460484.png","contentUrl":"http:\/\/apmairsoft.pt\/site\/wp-content\/uploads\/2015\/05\/Screenshot_2015-05-13-10-04-17-e1431513460484.png","width":720,"height":1280},{"@type":"WebSite","@id":"https:\/\/apmairsoft.pt\/site\/#website","url":"https:\/\/apmairsoft.pt\/site\/","name":"Associa\u00e7\u00e3o Portuguesa de Milsim e Airsoft, APD","description":"APMA \u00e9 uma Associa\u00e7\u00e3o Promotora de Desporto, est\u00e1 Registada no Instituto Portugu\u00eas do Desporto e da Juventude e na Direc\u00e7\u00e3o Nacional da Policia de Seguran\u00e7a P\u00fablica. \u00c9 portanto uma Entidade legal Para-federativa de caracter Nacional","publisher":{"@id":"https:\/\/apmairsoft.pt\/site\/#organization"},"potentialAction":[{"@type":"SearchAction","target":{"@type":"EntryPoint","urlTemplate":"https:\/\/apmairsoft.pt\/site\/?s={search_term_string}"},"query-input":{"@type":"PropertyValueSpecification","valueRequired":true,"valueName":"search_term_string"}}],"inLanguage":"pt-PT"},{"@type":"Organization","@id":"https:\/\/apmairsoft.pt\/site\/#organization","name":"APMA - Associa\u00e7\u00e3o Portuguesa de Milsim e Airsoft, APD","url":"https:\/\/apmairsoft.pt\/site\/","logo":{"@type":"ImageObject","inLanguage":"pt-PT","@id":"https:\/\/apmairsoft.pt\/site\/#\/schema\/logo\/image\/","url":"http:\/\/apmairsoft.pt\/site\/wp-content\/uploads\/2019\/11\/APMA_preto-280x135.jpg","contentUrl":"http:\/\/apmairsoft.pt\/site\/wp-content\/uploads\/2019\/11\/APMA_preto-280x135.jpg","width":280,"height":135,"caption":"APMA - Associa\u00e7\u00e3o Portuguesa de Milsim e Airsoft, APD"},"image":{"@id":"https:\/\/apmairsoft.pt\/site\/#\/schema\/logo\/image\/"},"sameAs":["https:\/\/www.facebook.com\/APMA.APD","https:\/\/x.com\/APMA_APD"]}]}},"_links":{"self":[{"href":"http:\/\/apmairsoft.pt\/site\/wp-json\/wp\/v2\/pages\/490","targetHints":{"allow":["GET"]}}],"collection":[{"href":"http:\/\/apmairsoft.pt\/site\/wp-json\/wp\/v2\/pages"}],"about":[{"href":"http:\/\/apmairsoft.pt\/site\/wp-json\/wp\/v2\/types\/page"}],"author":[{"embeddable":true,"href":"http:\/\/apmairsoft.pt\/site\/wp-json\/wp\/v2\/users\/1"}],"replies":[{"embeddable":true,"href":"http:\/\/apmairsoft.pt\/site\/wp-json\/wp\/v2\/comments?post=490"}],"version-history":[{"count":10,"href":"http:\/\/apmairsoft.pt\/site\/wp-json\/wp\/v2\/pages\/490\/revisions"}],"predecessor-version":[{"id":1278,"href":"http:\/\/apmairsoft.pt\/site\/wp-json\/wp\/v2\/pages\/490\/revisions\/1278"}],"wp:featuredmedia":[{"embeddable":true,"href":"http:\/\/apmairsoft.pt\/site\/wp-json\/wp\/v2\/media\/492"}],"wp:attachment":[{"href":"http:\/\/apmairsoft.pt\/site\/wp-json\/wp\/v2\/media?parent=490"}],"curies":[{"name":"wp","href":"https:\/\/api.w.org\/{rel}","templated":true}]}}