{"id":81,"date":"2014-01-29T14:08:15","date_gmt":"2014-01-29T14:08:15","guid":{"rendered":"http:\/\/apmairsoft.pt\/site\/?page_id=81"},"modified":"2023-07-28T17:24:04","modified_gmt":"2023-07-28T17:24:04","slug":"bem-vindo-a-apma-apd-2","status":"publish","type":"page","link":"http:\/\/apmairsoft.pt\/site\/bem-vindo-a-apma-apd-2\/","title":{"rendered":"Contactos APMA"},"content":{"rendered":"<h2 style=\"text-align: center;\">Associa\u00e7\u00e3o\u00a0Portuguesa\u00a0de Milsim e\u00a0Airsoft, APD<\/h2>\n<div style=\"text-align: center;\">Temos instala\u00e7\u00f5es f\u00edsicas na:<\/div>\n<div style=\"text-align: center;\">Rua Calouste Gulbenkian, N\u00ba1 &#8211; Loja 2<\/div>\n<div style=\"text-align: center;\">2600-119 Vila Franca de Xira<\/div>\n<div style=\"text-align: center;\">Visita-nos ou contacta-nos pelo WhatsApp &#8211; 931 126 642<\/div>\n<div style=\"text-align: center;\">Nos dias \u00fateis das 16:00h \u00e0s 19:00h<\/div>\n<div style=\"text-align: center;\"><\/div>\n<div style=\"text-align: left;\"><\/div>\n<div style=\"text-align: left;\"><strong>Emails oficiais APMA e suas compet\u00eancias:<\/strong><\/div>\n<div style=\"text-align: left;\">\n<p>Pedimos que n\u00e3o enviem para mais que um email as vossas quest\u00f5es, isso n\u00e3o adianta a resolu\u00e7\u00e3o mas s\u00f3 atrasa pois n\u00e3o s\u00e3o visionados pela mesma pessoa e leva a uma pr\u00e9via consulta interna antes do tratamento, dificultando e atrasando ainda mais. Para al\u00e9m de ocupar tempo precioso.<\/p>\n<div>SECRETARIADO: secretariado.apma.apd@gmail.com<\/div>\n<div>Tudo o que sejam novos assuntos, burocracias, reclama\u00e7\u00f5es, sugest\u00f5es.<\/div>\n<\/div>\n<div style=\"text-align: left;\"><\/div>\n<div style=\"text-align: left;\">INSCRI\u00c7\u00d5ES: inscricoes.apma.apd@gmail.com<\/div>\n<div style=\"text-align: left;\">Tudo o que inclua processos de novas inscri\u00e7\u00f5es e renova\u00e7\u00f5es.<\/div>\n<div style=\"text-align: left;\"><\/div>\n<div style=\"text-align: left;\">EVENTOS: eventos.apma.apd@gmail.com<\/div>\n<div style=\"text-align: left;\">Todos os assuntos relacionados com eventos APMA, organizados, apoiados ou oficiais.<\/div>\n<div style=\"text-align: left;\"><\/div>\n<div style=\"text-align: left;\">CLUBES: clubes.apma.apd@gmail.com<\/div>\n<div style=\"text-align: left;\">Todos os assuntos relacionados com processos de novos clubes ou protocolos.<\/div>\n<div style=\"text-align: left;\"><\/div>\n<div style=\"text-align: left;\">GERAL: apma.apd@gmail.com<\/div>\n<div><\/div>\n<div style=\"text-align: left;\">N\u00e3o utilizar, email de envios autom\u00e1ticos.INFORMA\u00c7\u00c3O:<br \/>\nUtilizado pelo sistema associapro para enviar maillings, n\u00e3o utilizar nem responder.<\/p>\n<\/div>\n<div style=\"text-align: left;\"><\/div>\n<div style=\"text-align: left;\"><\/div>\n","protected":false},"excerpt":{"rendered":"<p>Associa\u00e7\u00e3o\u00a0Portuguesa\u00a0de Milsim e\u00a0Airsoft, APD Temos instala\u00e7\u00f5es f\u00edsicas na: Rua Calouste Gulbenkian, N\u00ba1 &#8211; Loja 2 2600-119 Vila Franca de Xira Visita-nos ou contacta-nos pelo WhatsApp &#8211; 931 126 642 Nos dias \u00fateis das 16:00h \u00e0s 19:00h Emails oficiais APMA e suas compet\u00eancias: Pedimos que n\u00e3o enviem para mais que um email as vossas quest\u00f5es, isso [&hellip;]<\/p>\n","protected":false},"author":1,"featured_media":262,"parent":0,"menu_order":0,"comment_status":"open","ping_status":"open","template":"","meta":{"footnotes":""},"class_list":["post-81","page","type-page","status-publish","has-post-thumbnail","czr-hentry"],"yoast_head":"<!-- This site is optimized with the Yoast SEO plugin v27.2 - https:\/\/yoast.com\/product\/yoast-seo-wordpress\/ -->\n<title>Contactos APMA - Associa\u00e7\u00e3o Portuguesa de Milsim e Airsoft, APD<\/title>\n<meta name=\"robots\" content=\"index, follow, max-snippet:-1, max-image-preview:large, max-video-preview:-1\" \/>\n<link rel=\"canonical\" href=\"http:\/\/apmairsoft.pt\/site\/bem-vindo-a-apma-apd-2\/\" \/>\n<meta property=\"og:locale\" content=\"pt_PT\" \/>\n<meta property=\"og:type\" content=\"article\" \/>\n<meta property=\"og:title\" content=\"Contactos APMA - Associa\u00e7\u00e3o Portuguesa de Milsim e Airsoft, APD\" \/>\n<meta property=\"og:description\" content=\"Associa\u00e7\u00e3o\u00a0Portuguesa\u00a0de Milsim e\u00a0Airsoft, APD Temos instala\u00e7\u00f5es f\u00edsicas na: Rua Calouste Gulbenkian, N\u00ba1 &#8211; Loja 2 2600-119 Vila Franca de Xira Visita-nos ou contacta-nos pelo WhatsApp &#8211; 931 126 642 Nos dias \u00fateis das 16:00h \u00e0s 19:00h Emails oficiais APMA e suas compet\u00eancias: Pedimos que n\u00e3o enviem para mais que um email as vossas quest\u00f5es, isso [&hellip;]\" \/>\n<meta property=\"og:url\" content=\"http:\/\/apmairsoft.pt\/site\/bem-vindo-a-apma-apd-2\/\" \/>\n<meta property=\"og:site_name\" content=\"Associa\u00e7\u00e3o Portuguesa de Milsim e Airsoft, APD\" \/>\n<meta property=\"article:publisher\" content=\"https:\/\/www.facebook.com\/APMA.APD\" \/>\n<meta property=\"article:modified_time\" content=\"2023-07-28T17:24:04+00:00\" \/>\n<meta property=\"og:image\" content=\"http:\/\/apmairsoft.pt\/site\/wp-content\/uploads\/2014\/01\/APMA_preto.jpg\" \/>\n\t<meta property=\"og:image:width\" content=\"3508\" \/>\n\t<meta property=\"og:image:height\" content=\"2480\" \/>\n\t<meta property=\"og:image:type\" content=\"image\/jpeg\" \/>\n<meta name=\"twitter:label1\" content=\"Tempo estimado de leitura\" \/>\n\t<meta name=\"twitter:data1\" content=\"1 minuto\" \/>\n<script type=\"application\/ld+json\" class=\"yoast-schema-graph\">{\"@context\":\"https:\/\/schema.org\",\"@graph\":[{\"@type\":\"WebPage\",\"@id\":\"http:\/\/apmairsoft.pt\/site\/bem-vindo-a-apma-apd-2\/\",\"url\":\"http:\/\/apmairsoft.pt\/site\/bem-vindo-a-apma-apd-2\/\",\"name\":\"Contactos APMA - Associa\u00e7\u00e3o Portuguesa de Milsim e Airsoft, APD\",\"isPartOf\":{\"@id\":\"http:\/\/apmairsoft.pt\/site\/#website\"},\"primaryImageOfPage\":{\"@id\":\"http:\/\/apmairsoft.pt\/site\/bem-vindo-a-apma-apd-2\/#primaryimage\"},\"image\":{\"@id\":\"http:\/\/apmairsoft.pt\/site\/bem-vindo-a-apma-apd-2\/#primaryimage\"},\"thumbnailUrl\":\"http:\/\/apmairsoft.pt\/site\/wp-content\/uploads\/2014\/01\/APMA_preto.jpg\",\"datePublished\":\"2014-01-29T14:08:15+00:00\",\"dateModified\":\"2023-07-28T17:24:04+00:00\",\"inLanguage\":\"pt-PT\",\"potentialAction\":[{\"@type\":\"ReadAction\",\"target\":[\"http:\/\/apmairsoft.pt\/site\/bem-vindo-a-apma-apd-2\/\"]}]},{\"@type\":\"ImageObject\",\"inLanguage\":\"pt-PT\",\"@id\":\"http:\/\/apmairsoft.pt\/site\/bem-vindo-a-apma-apd-2\/#primaryimage\",\"url\":\"http:\/\/apmairsoft.pt\/site\/wp-content\/uploads\/2014\/01\/APMA_preto.jpg\",\"contentUrl\":\"http:\/\/apmairsoft.pt\/site\/wp-content\/uploads\/2014\/01\/APMA_preto.jpg\",\"width\":3508,\"height\":2480},{\"@type\":\"WebSite\",\"@id\":\"http:\/\/apmairsoft.pt\/site\/#website\",\"url\":\"http:\/\/apmairsoft.pt\/site\/\",\"name\":\"Associa\u00e7\u00e3o Portuguesa de Milsim e Airsoft, APD\",\"description\":\"APMA \u00e9 uma Associa\u00e7\u00e3o Promotora de Desporto, est\u00e1 Registada no Instituto Portugu\u00eas do Desporto e da Juventude e na Direc\u00e7\u00e3o Nacional da Policia de Seguran\u00e7a P\u00fablica. \u00c9 portanto uma Entidade legal Para-federativa de caracter Nacional\",\"publisher\":{\"@id\":\"http:\/\/apmairsoft.pt\/site\/#organization\"},\"potentialAction\":[{\"@type\":\"SearchAction\",\"target\":{\"@type\":\"EntryPoint\",\"urlTemplate\":\"http:\/\/apmairsoft.pt\/site\/?s={search_term_string}\"},\"query-input\":{\"@type\":\"PropertyValueSpecification\",\"valueRequired\":true,\"valueName\":\"search_term_string\"}}],\"inLanguage\":\"pt-PT\"},{\"@type\":\"Organization\",\"@id\":\"http:\/\/apmairsoft.pt\/site\/#organization\",\"name\":\"APMA - Associa\u00e7\u00e3o Portuguesa de Milsim e Airsoft, APD\",\"url\":\"http:\/\/apmairsoft.pt\/site\/\",\"logo\":{\"@type\":\"ImageObject\",\"inLanguage\":\"pt-PT\",\"@id\":\"http:\/\/apmairsoft.pt\/site\/#\/schema\/logo\/image\/\",\"url\":\"http:\/\/apmairsoft.pt\/site\/wp-content\/uploads\/2019\/11\/APMA_preto-280x135.jpg\",\"contentUrl\":\"http:\/\/apmairsoft.pt\/site\/wp-content\/uploads\/2019\/11\/APMA_preto-280x135.jpg\",\"width\":280,\"height\":135,\"caption\":\"APMA - Associa\u00e7\u00e3o Portuguesa de Milsim e Airsoft, APD\"},\"image\":{\"@id\":\"http:\/\/apmairsoft.pt\/site\/#\/schema\/logo\/image\/\"},\"sameAs\":[\"https:\/\/www.facebook.com\/APMA.APD\",\"https:\/\/x.com\/APMA_APD\"]}]}<\/script>\n<!-- \/ Yoast SEO plugin. -->","yoast_head_json":{"title":"Contactos APMA - Associa\u00e7\u00e3o Portuguesa de Milsim e Airsoft, APD","robots":{"index":"index","follow":"follow","max-snippet":"max-snippet:-1","max-image-preview":"max-image-preview:large","max-video-preview":"max-video-preview:-1"},"canonical":"http:\/\/apmairsoft.pt\/site\/bem-vindo-a-apma-apd-2\/","og_locale":"pt_PT","og_type":"article","og_title":"Contactos APMA - Associa\u00e7\u00e3o Portuguesa de Milsim e Airsoft, APD","og_description":"Associa\u00e7\u00e3o\u00a0Portuguesa\u00a0de Milsim e\u00a0Airsoft, APD Temos instala\u00e7\u00f5es f\u00edsicas na: Rua Calouste Gulbenkian, N\u00ba1 &#8211; Loja 2 2600-119 Vila Franca de Xira Visita-nos ou contacta-nos pelo WhatsApp &#8211; 931 126 642 Nos dias \u00fateis das 16:00h \u00e0s 19:00h Emails oficiais APMA e suas compet\u00eancias: Pedimos que n\u00e3o enviem para mais que um email as vossas quest\u00f5es, isso [&hellip;]","og_url":"http:\/\/apmairsoft.pt\/site\/bem-vindo-a-apma-apd-2\/","og_site_name":"Associa\u00e7\u00e3o Portuguesa de Milsim e Airsoft, APD","article_publisher":"https:\/\/www.facebook.com\/APMA.APD","article_modified_time":"2023-07-28T17:24:04+00:00","og_image":[{"width":3508,"height":2480,"url":"http:\/\/apmairsoft.pt\/site\/wp-content\/uploads\/2014\/01\/APMA_preto.jpg","type":"image\/jpeg"}],"twitter_misc":{"Tempo estimado de leitura":"1 minuto"},"schema":{"@context":"https:\/\/schema.org","@graph":[{"@type":"WebPage","@id":"http:\/\/apmairsoft.pt\/site\/bem-vindo-a-apma-apd-2\/","url":"http:\/\/apmairsoft.pt\/site\/bem-vindo-a-apma-apd-2\/","name":"Contactos APMA - Associa\u00e7\u00e3o Portuguesa de Milsim e Airsoft, APD","isPartOf":{"@id":"http:\/\/apmairsoft.pt\/site\/#website"},"primaryImageOfPage":{"@id":"http:\/\/apmairsoft.pt\/site\/bem-vindo-a-apma-apd-2\/#primaryimage"},"image":{"@id":"http:\/\/apmairsoft.pt\/site\/bem-vindo-a-apma-apd-2\/#primaryimage"},"thumbnailUrl":"http:\/\/apmairsoft.pt\/site\/wp-content\/uploads\/2014\/01\/APMA_preto.jpg","datePublished":"2014-01-29T14:08:15+00:00","dateModified":"2023-07-28T17:24:04+00:00","inLanguage":"pt-PT","potentialAction":[{"@type":"ReadAction","target":["http:\/\/apmairsoft.pt\/site\/bem-vindo-a-apma-apd-2\/"]}]},{"@type":"ImageObject","inLanguage":"pt-PT","@id":"http:\/\/apmairsoft.pt\/site\/bem-vindo-a-apma-apd-2\/#primaryimage","url":"http:\/\/apmairsoft.pt\/site\/wp-content\/uploads\/2014\/01\/APMA_preto.jpg","contentUrl":"http:\/\/apmairsoft.pt\/site\/wp-content\/uploads\/2014\/01\/APMA_preto.jpg","width":3508,"height":2480},{"@type":"WebSite","@id":"http:\/\/apmairsoft.pt\/site\/#website","url":"http:\/\/apmairsoft.pt\/site\/","name":"Associa\u00e7\u00e3o Portuguesa de Milsim e Airsoft, APD","description":"APMA \u00e9 uma Associa\u00e7\u00e3o Promotora de Desporto, est\u00e1 Registada no Instituto Portugu\u00eas do Desporto e da Juventude e na Direc\u00e7\u00e3o Nacional da Policia de Seguran\u00e7a P\u00fablica. \u00c9 portanto uma Entidade legal Para-federativa de caracter Nacional","publisher":{"@id":"http:\/\/apmairsoft.pt\/site\/#organization"},"potentialAction":[{"@type":"SearchAction","target":{"@type":"EntryPoint","urlTemplate":"http:\/\/apmairsoft.pt\/site\/?s={search_term_string}"},"query-input":{"@type":"PropertyValueSpecification","valueRequired":true,"valueName":"search_term_string"}}],"inLanguage":"pt-PT"},{"@type":"Organization","@id":"http:\/\/apmairsoft.pt\/site\/#organization","name":"APMA - Associa\u00e7\u00e3o Portuguesa de Milsim e Airsoft, APD","url":"http:\/\/apmairsoft.pt\/site\/","logo":{"@type":"ImageObject","inLanguage":"pt-PT","@id":"http:\/\/apmairsoft.pt\/site\/#\/schema\/logo\/image\/","url":"http:\/\/apmairsoft.pt\/site\/wp-content\/uploads\/2019\/11\/APMA_preto-280x135.jpg","contentUrl":"http:\/\/apmairsoft.pt\/site\/wp-content\/uploads\/2019\/11\/APMA_preto-280x135.jpg","width":280,"height":135,"caption":"APMA - Associa\u00e7\u00e3o Portuguesa de Milsim e Airsoft, APD"},"image":{"@id":"http:\/\/apmairsoft.pt\/site\/#\/schema\/logo\/image\/"},"sameAs":["https:\/\/www.facebook.com\/APMA.APD","https:\/\/x.com\/APMA_APD"]}]}},"_links":{"self":[{"href":"http:\/\/apmairsoft.pt\/site\/wp-json\/wp\/v2\/pages\/81","targetHints":{"allow":["GET"]}}],"collection":[{"href":"http:\/\/apmairsoft.pt\/site\/wp-json\/wp\/v2\/pages"}],"about":[{"href":"http:\/\/apmairsoft.pt\/site\/wp-json\/wp\/v2\/types\/page"}],"author":[{"embeddable":true,"href":"http:\/\/apmairsoft.pt\/site\/wp-json\/wp\/v2\/users\/1"}],"replies":[{"embeddable":true,"href":"http:\/\/apmairsoft.pt\/site\/wp-json\/wp\/v2\/comments?post=81"}],"version-history":[{"count":10,"href":"http:\/\/apmairsoft.pt\/site\/wp-json\/wp\/v2\/pages\/81\/revisions"}],"predecessor-version":[{"id":1328,"href":"http:\/\/apmairsoft.pt\/site\/wp-json\/wp\/v2\/pages\/81\/revisions\/1328"}],"wp:featuredmedia":[{"embeddable":true,"href":"http:\/\/apmairsoft.pt\/site\/wp-json\/wp\/v2\/media\/262"}],"wp:attachment":[{"href":"http:\/\/apmairsoft.pt\/site\/wp-json\/wp\/v2\/media?parent=81"}],"curies":[{"name":"wp","href":"https:\/\/api.w.org\/{rel}","templated":true}]}}