{"id":322,"date":"2014-03-25T12:36:44","date_gmt":"2014-03-25T12:36:44","guid":{"rendered":"http:\/\/apmairsoft.pt\/site\/?page_id=322"},"modified":"2023-09-10T18:42:14","modified_gmt":"2023-09-10T18:42:14","slug":"inscricao-em-formacao","status":"publish","type":"page","link":"https:\/\/apmairsoft.pt\/site\/inscricao-em-formacao\/","title":{"rendered":"Inscri\u00e7\u00e3o em Forma\u00e7\u00e3o"},"content":{"rendered":"<p><iframe loading=\"lazy\" id=\"JotFormIFrame\" style=\"width: 100%; height: 1646px; border: none;\" src=\"http:\/\/form.jotformeu.com\/form\/40833377499367\" width=\"320\" height=\"240\" frameborder=\"0\" scrolling=\"no\"><\/iframe><br \/>\n<script type=\"text\/javascript\">\/\/ <![CDATA[\nwindow.handleIFrameMessage = function(e) {var args = e.data.split(\":\");var iframe = document.getElementById(\"JotFormIFrame\");if (!iframe)return;switch (args[0]) {case \"scrollIntoView\":iframe.scrollIntoView();break;case \"setHeight\":iframe.style.height = args[1] + \"px\";break;}};if (window.addEventListener) {window.addEventListener(\"message\", handleIFrameMessage, false);} else if (window.attachEvent) {window.attachEvent(\"onmessage\", handleIFrameMessage);}<br \/>\n\/\/ ]]><\/script><\/p>\n<p>Inscri\u00e7\u00e3o em Forma\u00e7\u00e3o Airsoft<\/p>\n","protected":false},"excerpt":{"rendered":"<p>Inscri\u00e7\u00e3o em Forma\u00e7\u00e3o Airsoft<\/p>\n","protected":false},"author":1,"featured_media":402,"parent":0,"menu_order":0,"comment_status":"closed","ping_status":"open","template":"","meta":{"footnotes":""},"class_list":["post-322","page","type-page","status-publish","has-post-thumbnail","czr-hentry"],"yoast_head":"<!-- This site is optimized with the Yoast SEO plugin v27.2 - https:\/\/yoast.com\/product\/yoast-seo-wordpress\/ -->\n<title>Inscri\u00e7\u00e3o em Forma\u00e7\u00e3o - Associa\u00e7\u00e3o Portuguesa de Milsim e Airsoft, APD<\/title>\n<meta name=\"description\" content=\"Inscreva-se em forma\u00e7\u00e3o de airsoft\" \/>\n<meta name=\"robots\" content=\"index, follow, max-snippet:-1, max-image-preview:large, max-video-preview:-1\" \/>\n<link rel=\"canonical\" href=\"http:\/\/apmairsoft.pt\/site\/inscricao-em-formacao\/\" \/>\n<meta property=\"og:locale\" content=\"pt_PT\" \/>\n<meta property=\"og:type\" content=\"article\" \/>\n<meta property=\"og:title\" content=\"Inscri\u00e7\u00e3o em Forma\u00e7\u00e3o - Associa\u00e7\u00e3o Portuguesa de Milsim e Airsoft, APD\" \/>\n<meta property=\"og:description\" content=\"Inscreva-se em forma\u00e7\u00e3o de airsoft\" \/>\n<meta property=\"og:url\" content=\"http:\/\/apmairsoft.pt\/site\/inscricao-em-formacao\/\" \/>\n<meta property=\"og:site_name\" content=\"Associa\u00e7\u00e3o Portuguesa de Milsim e Airsoft, APD\" \/>\n<meta property=\"article:publisher\" content=\"https:\/\/www.facebook.com\/APMA.APD\" \/>\n<meta property=\"article:modified_time\" content=\"2023-09-10T18:42:14+00:00\" \/>\n<meta property=\"og:image\" content=\"http:\/\/apmairsoft.pt\/site\/wp-content\/uploads\/2014\/02\/Cartaz-page-001-3.jpg\" \/>\n\t<meta property=\"og:image:width\" content=\"3508\" \/>\n\t<meta property=\"og:image:height\" content=\"2481\" \/>\n\t<meta property=\"og:image:type\" content=\"image\/jpeg\" \/>\n<meta name=\"twitter:label1\" content=\"Tempo estimado de leitura\" \/>\n\t<meta name=\"twitter:data1\" content=\"1 minuto\" \/>\n<script type=\"application\/ld+json\" class=\"yoast-schema-graph\">{\"@context\":\"https:\/\/schema.org\",\"@graph\":[{\"@type\":\"WebPage\",\"@id\":\"http:\/\/apmairsoft.pt\/site\/inscricao-em-formacao\/\",\"url\":\"http:\/\/apmairsoft.pt\/site\/inscricao-em-formacao\/\",\"name\":\"Inscri\u00e7\u00e3o em Forma\u00e7\u00e3o - Associa\u00e7\u00e3o Portuguesa de Milsim e Airsoft, APD\",\"isPartOf\":{\"@id\":\"https:\/\/apmairsoft.pt\/site\/#website\"},\"primaryImageOfPage\":{\"@id\":\"http:\/\/apmairsoft.pt\/site\/inscricao-em-formacao\/#primaryimage\"},\"image\":{\"@id\":\"http:\/\/apmairsoft.pt\/site\/inscricao-em-formacao\/#primaryimage\"},\"thumbnailUrl\":\"https:\/\/apmairsoft.pt\/site\/wp-content\/uploads\/2014\/02\/Cartaz-page-001-3.jpg\",\"datePublished\":\"2014-03-25T12:36:44+00:00\",\"dateModified\":\"2023-09-10T18:42:14+00:00\",\"description\":\"Inscreva-se em forma\u00e7\u00e3o de airsoft\",\"inLanguage\":\"pt-PT\",\"potentialAction\":[{\"@type\":\"ReadAction\",\"target\":[\"http:\/\/apmairsoft.pt\/site\/inscricao-em-formacao\/\"]}]},{\"@type\":\"ImageObject\",\"inLanguage\":\"pt-PT\",\"@id\":\"http:\/\/apmairsoft.pt\/site\/inscricao-em-formacao\/#primaryimage\",\"url\":\"https:\/\/apmairsoft.pt\/site\/wp-content\/uploads\/2014\/02\/Cartaz-page-001-3.jpg\",\"contentUrl\":\"https:\/\/apmairsoft.pt\/site\/wp-content\/uploads\/2014\/02\/Cartaz-page-001-3.jpg\",\"width\":3508,\"height\":2481},{\"@type\":\"WebSite\",\"@id\":\"https:\/\/apmairsoft.pt\/site\/#website\",\"url\":\"https:\/\/apmairsoft.pt\/site\/\",\"name\":\"Associa\u00e7\u00e3o Portuguesa de Milsim e Airsoft, APD\",\"description\":\"APMA \u00e9 uma Associa\u00e7\u00e3o Promotora de Desporto, est\u00e1 Registada no Instituto Portugu\u00eas do Desporto e da Juventude e na Direc\u00e7\u00e3o Nacional da Policia de Seguran\u00e7a P\u00fablica. \u00c9 portanto uma Entidade legal Para-federativa de caracter Nacional\",\"publisher\":{\"@id\":\"https:\/\/apmairsoft.pt\/site\/#organization\"},\"potentialAction\":[{\"@type\":\"SearchAction\",\"target\":{\"@type\":\"EntryPoint\",\"urlTemplate\":\"https:\/\/apmairsoft.pt\/site\/?s={search_term_string}\"},\"query-input\":{\"@type\":\"PropertyValueSpecification\",\"valueRequired\":true,\"valueName\":\"search_term_string\"}}],\"inLanguage\":\"pt-PT\"},{\"@type\":\"Organization\",\"@id\":\"https:\/\/apmairsoft.pt\/site\/#organization\",\"name\":\"APMA - Associa\u00e7\u00e3o Portuguesa de Milsim e Airsoft, APD\",\"url\":\"https:\/\/apmairsoft.pt\/site\/\",\"logo\":{\"@type\":\"ImageObject\",\"inLanguage\":\"pt-PT\",\"@id\":\"https:\/\/apmairsoft.pt\/site\/#\/schema\/logo\/image\/\",\"url\":\"https:\/\/apmairsoft.pt\/site\/wp-content\/uploads\/2019\/11\/APMA_preto-280x135.jpg\",\"contentUrl\":\"https:\/\/apmairsoft.pt\/site\/wp-content\/uploads\/2019\/11\/APMA_preto-280x135.jpg\",\"width\":280,\"height\":135,\"caption\":\"APMA - Associa\u00e7\u00e3o Portuguesa de Milsim e Airsoft, APD\"},\"image\":{\"@id\":\"https:\/\/apmairsoft.pt\/site\/#\/schema\/logo\/image\/\"},\"sameAs\":[\"https:\/\/www.facebook.com\/APMA.APD\",\"https:\/\/x.com\/APMA_APD\"]}]}<\/script>\n<!-- \/ Yoast SEO plugin. -->","yoast_head_json":{"title":"Inscri\u00e7\u00e3o em Forma\u00e7\u00e3o - Associa\u00e7\u00e3o Portuguesa de Milsim e Airsoft, APD","description":"Inscreva-se em forma\u00e7\u00e3o de airsoft","robots":{"index":"index","follow":"follow","max-snippet":"max-snippet:-1","max-image-preview":"max-image-preview:large","max-video-preview":"max-video-preview:-1"},"canonical":"http:\/\/apmairsoft.pt\/site\/inscricao-em-formacao\/","og_locale":"pt_PT","og_type":"article","og_title":"Inscri\u00e7\u00e3o em Forma\u00e7\u00e3o - Associa\u00e7\u00e3o Portuguesa de Milsim e Airsoft, APD","og_description":"Inscreva-se em forma\u00e7\u00e3o de airsoft","og_url":"http:\/\/apmairsoft.pt\/site\/inscricao-em-formacao\/","og_site_name":"Associa\u00e7\u00e3o Portuguesa de Milsim e Airsoft, APD","article_publisher":"https:\/\/www.facebook.com\/APMA.APD","article_modified_time":"2023-09-10T18:42:14+00:00","og_image":[{"width":3508,"height":2481,"url":"http:\/\/apmairsoft.pt\/site\/wp-content\/uploads\/2014\/02\/Cartaz-page-001-3.jpg","type":"image\/jpeg"}],"twitter_misc":{"Tempo estimado de leitura":"1 minuto"},"schema":{"@context":"https:\/\/schema.org","@graph":[{"@type":"WebPage","@id":"http:\/\/apmairsoft.pt\/site\/inscricao-em-formacao\/","url":"http:\/\/apmairsoft.pt\/site\/inscricao-em-formacao\/","name":"Inscri\u00e7\u00e3o em Forma\u00e7\u00e3o - Associa\u00e7\u00e3o Portuguesa de Milsim e Airsoft, APD","isPartOf":{"@id":"https:\/\/apmairsoft.pt\/site\/#website"},"primaryImageOfPage":{"@id":"http:\/\/apmairsoft.pt\/site\/inscricao-em-formacao\/#primaryimage"},"image":{"@id":"http:\/\/apmairsoft.pt\/site\/inscricao-em-formacao\/#primaryimage"},"thumbnailUrl":"https:\/\/apmairsoft.pt\/site\/wp-content\/uploads\/2014\/02\/Cartaz-page-001-3.jpg","datePublished":"2014-03-25T12:36:44+00:00","dateModified":"2023-09-10T18:42:14+00:00","description":"Inscreva-se em forma\u00e7\u00e3o de airsoft","inLanguage":"pt-PT","potentialAction":[{"@type":"ReadAction","target":["http:\/\/apmairsoft.pt\/site\/inscricao-em-formacao\/"]}]},{"@type":"ImageObject","inLanguage":"pt-PT","@id":"http:\/\/apmairsoft.pt\/site\/inscricao-em-formacao\/#primaryimage","url":"https:\/\/apmairsoft.pt\/site\/wp-content\/uploads\/2014\/02\/Cartaz-page-001-3.jpg","contentUrl":"https:\/\/apmairsoft.pt\/site\/wp-content\/uploads\/2014\/02\/Cartaz-page-001-3.jpg","width":3508,"height":2481},{"@type":"WebSite","@id":"https:\/\/apmairsoft.pt\/site\/#website","url":"https:\/\/apmairsoft.pt\/site\/","name":"Associa\u00e7\u00e3o Portuguesa de Milsim e Airsoft, APD","description":"APMA \u00e9 uma Associa\u00e7\u00e3o Promotora de Desporto, est\u00e1 Registada no Instituto Portugu\u00eas do Desporto e da Juventude e na Direc\u00e7\u00e3o Nacional da Policia de Seguran\u00e7a P\u00fablica. \u00c9 portanto uma Entidade legal Para-federativa de caracter Nacional","publisher":{"@id":"https:\/\/apmairsoft.pt\/site\/#organization"},"potentialAction":[{"@type":"SearchAction","target":{"@type":"EntryPoint","urlTemplate":"https:\/\/apmairsoft.pt\/site\/?s={search_term_string}"},"query-input":{"@type":"PropertyValueSpecification","valueRequired":true,"valueName":"search_term_string"}}],"inLanguage":"pt-PT"},{"@type":"Organization","@id":"https:\/\/apmairsoft.pt\/site\/#organization","name":"APMA - Associa\u00e7\u00e3o Portuguesa de Milsim e Airsoft, APD","url":"https:\/\/apmairsoft.pt\/site\/","logo":{"@type":"ImageObject","inLanguage":"pt-PT","@id":"https:\/\/apmairsoft.pt\/site\/#\/schema\/logo\/image\/","url":"https:\/\/apmairsoft.pt\/site\/wp-content\/uploads\/2019\/11\/APMA_preto-280x135.jpg","contentUrl":"https:\/\/apmairsoft.pt\/site\/wp-content\/uploads\/2019\/11\/APMA_preto-280x135.jpg","width":280,"height":135,"caption":"APMA - Associa\u00e7\u00e3o Portuguesa de Milsim e Airsoft, APD"},"image":{"@id":"https:\/\/apmairsoft.pt\/site\/#\/schema\/logo\/image\/"},"sameAs":["https:\/\/www.facebook.com\/APMA.APD","https:\/\/x.com\/APMA_APD"]}]}},"_links":{"self":[{"href":"https:\/\/apmairsoft.pt\/site\/wp-json\/wp\/v2\/pages\/322","targetHints":{"allow":["GET"]}}],"collection":[{"href":"https:\/\/apmairsoft.pt\/site\/wp-json\/wp\/v2\/pages"}],"about":[{"href":"https:\/\/apmairsoft.pt\/site\/wp-json\/wp\/v2\/types\/page"}],"author":[{"embeddable":true,"href":"https:\/\/apmairsoft.pt\/site\/wp-json\/wp\/v2\/users\/1"}],"replies":[{"embeddable":true,"href":"https:\/\/apmairsoft.pt\/site\/wp-json\/wp\/v2\/comments?post=322"}],"version-history":[{"count":6,"href":"https:\/\/apmairsoft.pt\/site\/wp-json\/wp\/v2\/pages\/322\/revisions"}],"predecessor-version":[{"id":1344,"href":"https:\/\/apmairsoft.pt\/site\/wp-json\/wp\/v2\/pages\/322\/revisions\/1344"}],"wp:featuredmedia":[{"embeddable":true,"href":"https:\/\/apmairsoft.pt\/site\/wp-json\/wp\/v2\/media\/402"}],"wp:attachment":[{"href":"https:\/\/apmairsoft.pt\/site\/wp-json\/wp\/v2\/media?parent=322"}],"curies":[{"name":"wp","href":"https:\/\/api.w.org\/{rel}","templated":true}]}}