{"id":96,"date":"2014-01-29T16:57:30","date_gmt":"2014-01-29T16:57:30","guid":{"rendered":"http:\/\/apmairsoft.pt\/site\/?page_id=96"},"modified":"2014-01-29T16:57:30","modified_gmt":"2014-01-29T16:57:30","slug":"pontuacoes-da-1a-prova-por-patrulha","status":"publish","type":"page","link":"https:\/\/apmairsoft.pt\/site\/pontuacoes-da-1a-prova-por-patrulha\/","title":{"rendered":"Pontua\u00e7\u00f5es da 1\u00aa prova por patrulha"},"content":{"rendered":"<div>\n<div>\n<div style=\"text-align: center;\"><img loading=\"lazy\" decoding=\"async\" alt=\"FOXTROT 1\u00ba.jpeg\" src=\"http:\/\/www.associapro.com\/fotos\/assoc605\/FOXTROT%201%C2%BA.jpeg\" width=\"425\" height=\"584\" border=\"0\" \/><img loading=\"lazy\" decoding=\"async\" alt=\"ALPHA 2\u00ba.jpeg\" src=\"http:\/\/www.associapro.com\/fotos\/assoc605\/ALPHA%202%C2%BA.jpeg\" width=\"425\" height=\"584\" border=\"0\" \/><img loading=\"lazy\" decoding=\"async\" alt=\"ECHO 3\u00ba.jpeg\" src=\"http:\/\/www.associapro.com\/fotos\/assoc605\/ECHO%203%C2%BA.jpeg\" width=\"425\" height=\"584\" border=\"0\" \/><img loading=\"lazy\" decoding=\"async\" alt=\"BRAVO 4\u00ba.jpeg\" src=\"http:\/\/www.associapro.com\/fotos\/assoc605\/BRAVO%204%C2%BA.jpeg\" width=\"425\" height=\"584\" border=\"0\" \/><img loading=\"lazy\" decoding=\"async\" alt=\"GOLF 5\u00ba.jpeg\" src=\"http:\/\/www.associapro.com\/fotos\/assoc605\/GOLF%205%C2%BA.jpeg\" width=\"425\" height=\"584\" border=\"0\" \/><img loading=\"lazy\" decoding=\"async\" alt=\"DELTA 6\u00ba.jpeg\" src=\"http:\/\/www.associapro.com\/fotos\/assoc605\/DELTA%206%C2%BA.jpeg\" width=\"425\" height=\"584\" border=\"0\" \/><img loading=\"lazy\" decoding=\"async\" alt=\"CHARLIE 7\u00ba.jpeg\" src=\"http:\/\/www.associapro.com\/fotos\/assoc605\/CHARLIE%207%C2%BA.jpeg\" width=\"425\" height=\"584\" border=\"0\" \/><\/div>\n<\/div>\n<\/div>\n","protected":false},"excerpt":{"rendered":"","protected":false},"author":1,"featured_media":0,"parent":0,"menu_order":0,"comment_status":"open","ping_status":"open","template":"","meta":{"footnotes":""},"class_list":["post-96","page","type-page","status-publish","czr-hentry"],"yoast_head":"<!-- This site is optimized with the Yoast SEO plugin v27.2 - https:\/\/yoast.com\/product\/yoast-seo-wordpress\/ -->\n<title>Pontua\u00e7\u00f5es da 1\u00aa prova por patrulha - Associa\u00e7\u00e3o Portuguesa de Milsim e Airsoft, APD<\/title>\n<meta name=\"robots\" content=\"index, follow, max-snippet:-1, max-image-preview:large, max-video-preview:-1\" \/>\n<link rel=\"canonical\" href=\"https:\/\/apmairsoft.pt\/site\/pontuacoes-da-1a-prova-por-patrulha\/\" \/>\n<meta property=\"og:locale\" content=\"pt_PT\" \/>\n<meta property=\"og:type\" content=\"article\" \/>\n<meta property=\"og:title\" content=\"Pontua\u00e7\u00f5es da 1\u00aa prova por patrulha - Associa\u00e7\u00e3o Portuguesa de Milsim e Airsoft, APD\" \/>\n<meta property=\"og:url\" content=\"https:\/\/apmairsoft.pt\/site\/pontuacoes-da-1a-prova-por-patrulha\/\" \/>\n<meta property=\"og:site_name\" content=\"Associa\u00e7\u00e3o Portuguesa de Milsim e Airsoft, APD\" \/>\n<meta property=\"article:publisher\" content=\"https:\/\/www.facebook.com\/APMA.APD\" \/>\n<meta property=\"og:image\" content=\"http:\/\/www.associapro.com\/fotos\/assoc605\/FOXTROT%201%C2%BA.jpeg\" \/>\n<script type=\"application\/ld+json\" class=\"yoast-schema-graph\">{\"@context\":\"https:\/\/schema.org\",\"@graph\":[{\"@type\":\"WebPage\",\"@id\":\"https:\/\/apmairsoft.pt\/site\/pontuacoes-da-1a-prova-por-patrulha\/\",\"url\":\"https:\/\/apmairsoft.pt\/site\/pontuacoes-da-1a-prova-por-patrulha\/\",\"name\":\"Pontua\u00e7\u00f5es da 1\u00aa prova por patrulha - Associa\u00e7\u00e3o Portuguesa de Milsim e Airsoft, APD\",\"isPartOf\":{\"@id\":\"https:\/\/apmairsoft.pt\/site\/#website\"},\"primaryImageOfPage\":{\"@id\":\"https:\/\/apmairsoft.pt\/site\/pontuacoes-da-1a-prova-por-patrulha\/#primaryimage\"},\"image\":{\"@id\":\"https:\/\/apmairsoft.pt\/site\/pontuacoes-da-1a-prova-por-patrulha\/#primaryimage\"},\"thumbnailUrl\":\"http:\/\/www.associapro.com\/fotos\/assoc605\/FOXTROT%201%C2%BA.jpeg\",\"datePublished\":\"2014-01-29T16:57:30+00:00\",\"inLanguage\":\"pt-PT\",\"potentialAction\":[{\"@type\":\"ReadAction\",\"target\":[\"https:\/\/apmairsoft.pt\/site\/pontuacoes-da-1a-prova-por-patrulha\/\"]}]},{\"@type\":\"ImageObject\",\"inLanguage\":\"pt-PT\",\"@id\":\"https:\/\/apmairsoft.pt\/site\/pontuacoes-da-1a-prova-por-patrulha\/#primaryimage\",\"url\":\"http:\/\/www.associapro.com\/fotos\/assoc605\/FOXTROT%201%C2%BA.jpeg\",\"contentUrl\":\"http:\/\/www.associapro.com\/fotos\/assoc605\/FOXTROT%201%C2%BA.jpeg\"},{\"@type\":\"WebSite\",\"@id\":\"https:\/\/apmairsoft.pt\/site\/#website\",\"url\":\"https:\/\/apmairsoft.pt\/site\/\",\"name\":\"Associa\u00e7\u00e3o Portuguesa de Milsim e Airsoft, APD\",\"description\":\"APMA \u00e9 uma Associa\u00e7\u00e3o Promotora de Desporto, est\u00e1 Registada no Instituto Portugu\u00eas do Desporto e da Juventude e na Direc\u00e7\u00e3o Nacional da Policia de Seguran\u00e7a P\u00fablica. \u00c9 portanto uma Entidade legal Para-federativa de caracter Nacional\",\"publisher\":{\"@id\":\"https:\/\/apmairsoft.pt\/site\/#organization\"},\"potentialAction\":[{\"@type\":\"SearchAction\",\"target\":{\"@type\":\"EntryPoint\",\"urlTemplate\":\"https:\/\/apmairsoft.pt\/site\/?s={search_term_string}\"},\"query-input\":{\"@type\":\"PropertyValueSpecification\",\"valueRequired\":true,\"valueName\":\"search_term_string\"}}],\"inLanguage\":\"pt-PT\"},{\"@type\":\"Organization\",\"@id\":\"https:\/\/apmairsoft.pt\/site\/#organization\",\"name\":\"APMA - Associa\u00e7\u00e3o Portuguesa de Milsim e Airsoft, APD\",\"url\":\"https:\/\/apmairsoft.pt\/site\/\",\"logo\":{\"@type\":\"ImageObject\",\"inLanguage\":\"pt-PT\",\"@id\":\"https:\/\/apmairsoft.pt\/site\/#\/schema\/logo\/image\/\",\"url\":\"https:\/\/apmairsoft.pt\/site\/wp-content\/uploads\/2019\/11\/APMA_preto-280x135.jpg\",\"contentUrl\":\"https:\/\/apmairsoft.pt\/site\/wp-content\/uploads\/2019\/11\/APMA_preto-280x135.jpg\",\"width\":280,\"height\":135,\"caption\":\"APMA - Associa\u00e7\u00e3o Portuguesa de Milsim e Airsoft, APD\"},\"image\":{\"@id\":\"https:\/\/apmairsoft.pt\/site\/#\/schema\/logo\/image\/\"},\"sameAs\":[\"https:\/\/www.facebook.com\/APMA.APD\",\"https:\/\/x.com\/APMA_APD\"]}]}<\/script>\n<!-- \/ Yoast SEO plugin. -->","yoast_head_json":{"title":"Pontua\u00e7\u00f5es da 1\u00aa prova por patrulha - Associa\u00e7\u00e3o Portuguesa de Milsim e Airsoft, APD","robots":{"index":"index","follow":"follow","max-snippet":"max-snippet:-1","max-image-preview":"max-image-preview:large","max-video-preview":"max-video-preview:-1"},"canonical":"https:\/\/apmairsoft.pt\/site\/pontuacoes-da-1a-prova-por-patrulha\/","og_locale":"pt_PT","og_type":"article","og_title":"Pontua\u00e7\u00f5es da 1\u00aa prova por patrulha - Associa\u00e7\u00e3o Portuguesa de Milsim e Airsoft, APD","og_url":"https:\/\/apmairsoft.pt\/site\/pontuacoes-da-1a-prova-por-patrulha\/","og_site_name":"Associa\u00e7\u00e3o Portuguesa de Milsim e Airsoft, APD","article_publisher":"https:\/\/www.facebook.com\/APMA.APD","og_image":[{"url":"http:\/\/www.associapro.com\/fotos\/assoc605\/FOXTROT%201%C2%BA.jpeg","type":"","width":"","height":""}],"schema":{"@context":"https:\/\/schema.org","@graph":[{"@type":"WebPage","@id":"https:\/\/apmairsoft.pt\/site\/pontuacoes-da-1a-prova-por-patrulha\/","url":"https:\/\/apmairsoft.pt\/site\/pontuacoes-da-1a-prova-por-patrulha\/","name":"Pontua\u00e7\u00f5es da 1\u00aa prova por patrulha - Associa\u00e7\u00e3o Portuguesa de Milsim e Airsoft, APD","isPartOf":{"@id":"https:\/\/apmairsoft.pt\/site\/#website"},"primaryImageOfPage":{"@id":"https:\/\/apmairsoft.pt\/site\/pontuacoes-da-1a-prova-por-patrulha\/#primaryimage"},"image":{"@id":"https:\/\/apmairsoft.pt\/site\/pontuacoes-da-1a-prova-por-patrulha\/#primaryimage"},"thumbnailUrl":"http:\/\/www.associapro.com\/fotos\/assoc605\/FOXTROT%201%C2%BA.jpeg","datePublished":"2014-01-29T16:57:30+00:00","inLanguage":"pt-PT","potentialAction":[{"@type":"ReadAction","target":["https:\/\/apmairsoft.pt\/site\/pontuacoes-da-1a-prova-por-patrulha\/"]}]},{"@type":"ImageObject","inLanguage":"pt-PT","@id":"https:\/\/apmairsoft.pt\/site\/pontuacoes-da-1a-prova-por-patrulha\/#primaryimage","url":"http:\/\/www.associapro.com\/fotos\/assoc605\/FOXTROT%201%C2%BA.jpeg","contentUrl":"http:\/\/www.associapro.com\/fotos\/assoc605\/FOXTROT%201%C2%BA.jpeg"},{"@type":"WebSite","@id":"https:\/\/apmairsoft.pt\/site\/#website","url":"https:\/\/apmairsoft.pt\/site\/","name":"Associa\u00e7\u00e3o Portuguesa de Milsim e Airsoft, APD","description":"APMA \u00e9 uma Associa\u00e7\u00e3o Promotora de Desporto, est\u00e1 Registada no Instituto Portugu\u00eas do Desporto e da Juventude e na Direc\u00e7\u00e3o Nacional da Policia de Seguran\u00e7a P\u00fablica. \u00c9 portanto uma Entidade legal Para-federativa de caracter Nacional","publisher":{"@id":"https:\/\/apmairsoft.pt\/site\/#organization"},"potentialAction":[{"@type":"SearchAction","target":{"@type":"EntryPoint","urlTemplate":"https:\/\/apmairsoft.pt\/site\/?s={search_term_string}"},"query-input":{"@type":"PropertyValueSpecification","valueRequired":true,"valueName":"search_term_string"}}],"inLanguage":"pt-PT"},{"@type":"Organization","@id":"https:\/\/apmairsoft.pt\/site\/#organization","name":"APMA - Associa\u00e7\u00e3o Portuguesa de Milsim e Airsoft, APD","url":"https:\/\/apmairsoft.pt\/site\/","logo":{"@type":"ImageObject","inLanguage":"pt-PT","@id":"https:\/\/apmairsoft.pt\/site\/#\/schema\/logo\/image\/","url":"https:\/\/apmairsoft.pt\/site\/wp-content\/uploads\/2019\/11\/APMA_preto-280x135.jpg","contentUrl":"https:\/\/apmairsoft.pt\/site\/wp-content\/uploads\/2019\/11\/APMA_preto-280x135.jpg","width":280,"height":135,"caption":"APMA - Associa\u00e7\u00e3o Portuguesa de Milsim e Airsoft, APD"},"image":{"@id":"https:\/\/apmairsoft.pt\/site\/#\/schema\/logo\/image\/"},"sameAs":["https:\/\/www.facebook.com\/APMA.APD","https:\/\/x.com\/APMA_APD"]}]}},"_links":{"self":[{"href":"https:\/\/apmairsoft.pt\/site\/wp-json\/wp\/v2\/pages\/96","targetHints":{"allow":["GET"]}}],"collection":[{"href":"https:\/\/apmairsoft.pt\/site\/wp-json\/wp\/v2\/pages"}],"about":[{"href":"https:\/\/apmairsoft.pt\/site\/wp-json\/wp\/v2\/types\/page"}],"author":[{"embeddable":true,"href":"https:\/\/apmairsoft.pt\/site\/wp-json\/wp\/v2\/users\/1"}],"replies":[{"embeddable":true,"href":"https:\/\/apmairsoft.pt\/site\/wp-json\/wp\/v2\/comments?post=96"}],"version-history":[{"count":1,"href":"https:\/\/apmairsoft.pt\/site\/wp-json\/wp\/v2\/pages\/96\/revisions"}],"predecessor-version":[{"id":97,"href":"https:\/\/apmairsoft.pt\/site\/wp-json\/wp\/v2\/pages\/96\/revisions\/97"}],"wp:attachment":[{"href":"https:\/\/apmairsoft.pt\/site\/wp-json\/wp\/v2\/media?parent=96"}],"curies":[{"name":"wp","href":"https:\/\/api.w.org\/{rel}","templated":true}]}}